{"id":196,"date":"2011-07-13T10:34:56","date_gmt":"2011-07-13T08:34:56","guid":{"rendered":"http:\/\/bajenstatistik.se\/sv\/?page_id=196"},"modified":"2022-02-10T10:28:01","modified_gmt":"2022-02-10T09:28:01","slug":"tranare-genom-tiderna","status":"publish","type":"page","link":"https:\/\/bajenstatistik.se\/sv\/tranare-genom-tiderna\/","title":{"rendered":"Tr\u00e4nare genom tiderna"},"content":{"rendered":"<p>&nbsp;<\/p>\n<article class=\"post\">\n<h2><a href=\"#\">Bajentr\u00e4nare genom tiderna<\/a><\/h2>\n<p>Klicka p\u00e5 de tr\u00e4narnamn som \u00e4r l\u00e4nkade f\u00f6r att komma till tr\u00e4narens profilsida!<br \/>\nD\u00e4r hittar du deras vinst-f\u00f6rlust procent och mycket mer!<\/p>\n<p>&nbsp;<\/p>\n<p>2022 &#8211;\u00a0 \u00a0 \u00a0 \u00a0 \u00a0 Mart\u00ed Cifuentes<br \/>\n2021 &#8211; 2021 Milos Milojevic<br \/>\n2018 &#8211; 2021 Stefan Billborn<br \/>\n2017 &#8211; 2018 Jakob Michelsen<br \/>\n2014 &#8211; 2016 Nanne Bergstrand<br \/>\n2013 &#8211; 2013\u00a0Thomas Dennerby<br \/>\n2012 &#8211; 2013\u00a0Gregg Berhalter<br \/>\n2011 &#8211; 2012\u00a0Roger Sandberg<br \/>\n2010 &#8211; 2011\u00a0Roger Franz\u00e9n<br \/>\n2010 &#8211; 2010\u00a0Michael Borgqvist<br \/>\n2010 &#8211; 2010\u00a0Jesper Blomqvist<br \/>\n2009 &#8211; 2009\u00a0Thom \u00c5hlund<br \/>\n2007 &#8211; 2009\u00a0Tony Gustavsson<br \/>\n2002 &#8211; 2006\u00a0Anders Linderoth<br \/>\n1999 &#8211; 2001\u00a0S\u00f6ren Cratz<br \/>\n1997 &#8211; 1999\u00a0Rolf Zetterlund<br \/>\n1996 &#8211; 1996\u00a0G\u00f6ran G\u00f6ransson<br \/>\n1993 &#8211; 1995\u00a0Tommy Davidsson<br \/>\n1989 &#8211; 1992\u00a0Kenneth &#8217;Kenta&#8217; Ohlsson<br \/>\n1987 &#8211; 1988 Hans Backe<br \/>\n1986 &#8211; 1986 Lars Wass<br \/>\n1985 &#8211; 1985 Bj\u00f6rn Bolling<br \/>\n1982 &#8211; 1984 Bengt Persson<br \/>\n1979 &#8211; 1981 Bengt Gustafsson<br \/>\n1978 &#8211; 1978 Tom Turesson<br \/>\n1978 &#8211; 1978 Tom Turesson<br \/>\n1975 &#8211; 1977 Bj\u00f6rn Bolling<br \/>\n1973 &#8211; 1974 Olle Nystr\u00f6m<br \/>\n1972 &#8211; 1972 Janne Holmberg<br \/>\n1967 &#8211; 1971 Lars-G\u00f6sta Hall<br \/>\n1966 &#8211; 1966 Georg &#8217;Kinna&#8217; Kraemer<br \/>\n1964 &#8211; 1965 Folke Adamsson<br \/>\n1962 &#8211; 1963 Folke Adamsson och Rune Larsson<br \/>\n1951 &#8211; 1961 Folke Adamsson<br \/>\n1951 &#8211; 1950 \u00c5ke Andersson och Folke Adamsson<br \/>\n1947 &#8211; 1950 Folke Adamsson<br \/>\n1944 &#8211; 1946 Sven Bergqvist<br \/>\n1940 &#8211; 1944 Per &#8217;P\u00e4ra&#8217; Kaufeldt<br \/>\n1936 &#8211; 1939 Gustaf Martinsson<br \/>\n1936 &#8211; 1936 Olle Holking (f\u00f6rs\u00e4songen)<br \/>\n1923 &#8211; 1925 Willy Meisl<br \/>\n1922 &#8211; 1922 Sven Johansson<br \/>\n1920 &#8211; 1920 H Butterworth<\/p>\n<p>Bakgrunden till varf\u00f6r sidan kom till var f\u00f6r att det efter Bajenfacits sorti helt enkelt saknades en bra statistiksida r\u00f6rande Hammarby.<\/p>\n<p>P\u00e5 sidan hittar du statistik fr\u00e5n 1993 och fram\u00e5t. All statistik ligger i en databas, vilket g\u00f6r att allt \u00e4r s\u00f6kbart (testa att s\u00f6ka efter din favoritspelare i s\u00f6kf\u00e4ltet vid menyn).<\/p>\n<\/article>\n","protected":false},"excerpt":{"rendered":"<p>&nbsp; Bajentr\u00e4nare genom tiderna Klicka p\u00e5 de tr\u00e4narnamn som \u00e4r l\u00e4nkade f\u00f6r att komma till tr\u00e4narens profilsida! D\u00e4r hittar du deras vinst-f\u00f6rlust procent och mycket mer! &nbsp; 2022 &#8211;\u00a0 \u00a0 \u00a0 \u00a0 \u00a0 Mart\u00ed Cifuentes 2021 &#8211; 2021 Milos Milojevic 2018 &#8211; 2021 Stefan Billborn 2017 &#8211; 2018 Jakob Michelsen 2014 &#8211; 2016 Nanne Bergstrand <a class=\"more-link\" href=\"https:\/\/bajenstatistik.se\/sv\/tranare-genom-tiderna\/\">L\u00e4s mer \u2026<\/a><\/p>\n","protected":false},"author":1,"featured_media":0,"parent":0,"menu_order":0,"comment_status":"open","ping_status":"closed","template":"","meta":{"footnotes":""},"class_list":["post-196","page","type-page","status-publish","hentry"],"_links":{"self":[{"href":"https:\/\/bajenstatistik.se\/sv\/wp-json\/wp\/v2\/pages\/196","targetHints":{"allow":["GET"]}}],"collection":[{"href":"https:\/\/bajenstatistik.se\/sv\/wp-json\/wp\/v2\/pages"}],"about":[{"href":"https:\/\/bajenstatistik.se\/sv\/wp-json\/wp\/v2\/types\/page"}],"author":[{"embeddable":true,"href":"https:\/\/bajenstatistik.se\/sv\/wp-json\/wp\/v2\/users\/1"}],"replies":[{"embeddable":true,"href":"https:\/\/bajenstatistik.se\/sv\/wp-json\/wp\/v2\/comments?post=196"}],"version-history":[{"count":17,"href":"https:\/\/bajenstatistik.se\/sv\/wp-json\/wp\/v2\/pages\/196\/revisions"}],"predecessor-version":[{"id":1054,"href":"https:\/\/bajenstatistik.se\/sv\/wp-json\/wp\/v2\/pages\/196\/revisions\/1054"}],"wp:attachment":[{"href":"https:\/\/bajenstatistik.se\/sv\/wp-json\/wp\/v2\/media?parent=196"}],"curies":[{"name":"wp","href":"https:\/\/api.w.org\/{rel}","templated":true}]}}