{"id":177,"date":"2011-07-13T09:57:19","date_gmt":"2011-07-13T07:57:19","guid":{"rendered":"http:\/\/bajenstatistik.se\/sv\/?page_id=177"},"modified":"2015-08-23T21:21:43","modified_gmt":"2015-08-23T19:21:43","slug":"statistik-2","status":"publish","type":"page","link":"https:\/\/bajenstatistik.se\/sv\/statistik-2\/","title":{"rendered":"Statistik"},"content":{"rendered":"<p>H\u00e4r nedan hittar du en guide till statistiken p\u00e5 Bajenstatistik.se.<\/p>\n<p>&nbsp;<\/p>\n<h5>Fr\u00e5ga: Var finns statistiken?<\/h5>\n<p>P\u00e5 sidan hittar du statistik fr\u00e5n 1993 och fram\u00e5t. All statistik ligger i en databas, vilket g\u00f6r att allt \u00e4r s\u00f6kbart (testa att s\u00f6ka efter din favoritspelare eller hatmotst\u00e5ndare i s\u00f6kf\u00e4ltet vid menyn).<\/p>\n<p>&nbsp;<\/p>\n<h5>Fr\u00e5ga: Hur ser jag statistiken fr\u00e5n tidigare s\u00e4songer?<\/h5>\n<p>L\u00e4ngst uppe under menyn kan du v\u00e4lja s\u00e4song och matchtyp. G\u00e5 till exempel till framsidan, v\u00e4lj s\u00e4songen 2001 och se vad som h\u00e4nder med M\u00e5l, Assist, Varnings och Matchligan!<\/p>\n<p>&nbsp;<\/p>\n<h5>Fr\u00e5ga: Hur m\u00e5nga s\u00e4songer finns med?<\/h5>\n<p>Alla s\u00e4songer fr\u00e5n 1993 och fram\u00e5t. Anledningen varf\u00f6r vi \u00e4nnu inte b\u00f6rjat l\u00e4gga in fler s\u00e4songer bak\u00e5t i tiden \u00e4r framf\u00f6rallt den statistiska os\u00e4kerheten som \u00f6kar. Svenska Fotbollsf\u00f6rbundet har till exempel bara statistik tillbaka till \u00e5r 2000&#8230;<\/p>\n<p>&nbsp;<\/p>\n<h5>Fr\u00e5ga: Finns alla matcher med i databasen?<\/h5>\n<p>B\u00e5de ja och nej. Inga tr\u00e4ningsmatcher finns inlagda. D\u00e4remot finns\u00a0<strong>samtliga\u00a0<\/strong>t\u00e4vlingsmatcher under s\u00e4songerna 1993 och fram\u00e5t. Det inneb\u00e4r matcher fr\u00e5n:<\/p>\n<ul>\n<li>Allsvenskan<\/li>\n<li>Superettan<\/li>\n<li>Division 1 Norra<\/li>\n<li>Svenska Cupen<\/li>\n<li>Allsvenskt kval<\/li>\n<li>UEFA Champions League<\/li>\n<li>UEFA-Cupen<\/li>\n<li>UEFA Intertoto-cupen<\/li>\n<li>Royal League<\/li>\n<\/ul>\n<p>&nbsp;<\/p>\n<h5>Fr\u00e5ga: Varf\u00f6r g\u00f6r ni det h\u00e4r?<\/h5>\n<p>Det saknas i \u00f6vrigt en bra statistiktj\u00e4nst f\u00f6r oss Hammarbyare. Och s\u00e5 \u00e4r vi lagda \u00e5t den statistikintresserade h\u00e5llet.<\/p>\n<p>&nbsp;<\/p>\n<h5>Fr\u00e5ga: Jag har hittat ett fel. Vad g\u00f6r jag?<\/h5>\n<p>All data i databasen trycks in manuellt. Fel kan uppst\u00e5. Om du hittar ett fel, eller har information du vill meddela oss, n\u00e5r du oss p\u00e5 info (at) bajenstatistik.se<\/p>\n","protected":false},"excerpt":{"rendered":"<p>H\u00e4r nedan hittar du en guide till statistiken p\u00e5 Bajenstatistik.se. &nbsp; Fr\u00e5ga: Var finns statistiken? P\u00e5 sidan hittar du statistik fr\u00e5n 1993 och fram\u00e5t. All statistik ligger i en databas, vilket g\u00f6r att allt \u00e4r s\u00f6kbart (testa att s\u00f6ka efter din favoritspelare eller hatmotst\u00e5ndare i s\u00f6kf\u00e4ltet vid menyn). &nbsp; Fr\u00e5ga: Hur ser jag statistiken fr\u00e5n <a class=\"more-link\" href=\"https:\/\/bajenstatistik.se\/sv\/statistik-2\/\">L\u00e4s mer \u2026<\/a><\/p>\n","protected":false},"author":1,"featured_media":0,"parent":0,"menu_order":0,"comment_status":"open","ping_status":"closed","template":"page-fullwidth.php","meta":{"footnotes":""},"class_list":["post-177","page","type-page","status-publish","hentry"],"_links":{"self":[{"href":"https:\/\/bajenstatistik.se\/sv\/wp-json\/wp\/v2\/pages\/177","targetHints":{"allow":["GET"]}}],"collection":[{"href":"https:\/\/bajenstatistik.se\/sv\/wp-json\/wp\/v2\/pages"}],"about":[{"href":"https:\/\/bajenstatistik.se\/sv\/wp-json\/wp\/v2\/types\/page"}],"author":[{"embeddable":true,"href":"https:\/\/bajenstatistik.se\/sv\/wp-json\/wp\/v2\/users\/1"}],"replies":[{"embeddable":true,"href":"https:\/\/bajenstatistik.se\/sv\/wp-json\/wp\/v2\/comments?post=177"}],"version-history":[{"count":4,"href":"https:\/\/bajenstatistik.se\/sv\/wp-json\/wp\/v2\/pages\/177\/revisions"}],"predecessor-version":[{"id":758,"href":"https:\/\/bajenstatistik.se\/sv\/wp-json\/wp\/v2\/pages\/177\/revisions\/758"}],"wp:attachment":[{"href":"https:\/\/bajenstatistik.se\/sv\/wp-json\/wp\/v2\/media?parent=177"}],"curies":[{"name":"wp","href":"https:\/\/api.w.org\/{rel}","templated":true}]}}