{"id":5867,"date":"2023-12-08T13:01:28","date_gmt":"2023-12-08T12:01:28","guid":{"rendered":"https:\/\/bajenstatistik.se\/se\/?page_id=5867"},"modified":"2023-12-08T13:21:37","modified_gmt":"2023-12-08T12:21:37","slug":"publiksnitt","status":"publish","type":"page","link":"https:\/\/bajenstatistik.se\/se\/publiksnitt\/","title":{"rendered":"Publiksnitt"},"content":{"rendered":"<h2 id=\"tablepress-12-name\" class=\"tablepress-table-name tablepress-table-name-id-12\">Hammarbys publiksnitt, serie och placering genom tiderna<\/h2>\n\n<table id=\"tablepress-12\" class=\"tablepress tablepress-id-12\" aria-labelledby=\"tablepress-12-name\" aria-describedby=\"tablepress-12-description\">\n<thead>\n<tr class=\"row-1\">\n\t<th class=\"column-1\">\u00c5r<\/th><th class=\"column-2\">Publiksnitt<\/th><th class=\"column-3\">Serie<\/th><th class=\"column-4\">Placering<\/th>\n<\/tr>\n<\/thead>\n<tbody class=\"row-striping row-hover\">\n<tr class=\"row-2\">\n\t<td class=\"column-1\">2024<\/td><td class=\"column-2\">23578<\/td><td class=\"column-3\">Allsvenskan<\/td><td class=\"column-4\">2<\/td>\n<\/tr>\n<tr class=\"row-3\">\n\t<td class=\"column-1\">2023<\/td><td class=\"column-2\">22542<\/td><td class=\"column-3\">Allsvenskan<\/td><td class=\"column-4\">7<\/td>\n<\/tr>\n<tr class=\"row-4\">\n\t<td class=\"column-1\">2022<\/td><td class=\"column-2\">26372<\/td><td class=\"column-3\">Allsvenskan<\/td><td class=\"column-4\">3<\/td>\n<\/tr>\n<tr class=\"row-5\">\n\t<td class=\"column-1\">2021<\/td><td class=\"column-2\">10262<\/td><td class=\"column-3\">Allsvenskan<\/td><td class=\"column-4\">5<\/td>\n<\/tr>\n<tr class=\"row-6\">\n\t<td class=\"column-1\">2020<\/td><td class=\"column-2\">0<\/td><td class=\"column-3\">Allsvenskan<\/td><td class=\"column-4\">8<\/td>\n<\/tr>\n<tr class=\"row-7\">\n\t<td class=\"column-1\">2019<\/td><td class=\"column-2\">24232<\/td><td class=\"column-3\">Allsvenskan<\/td><td class=\"column-4\">3<\/td>\n<\/tr>\n<tr class=\"row-8\">\n\t<td class=\"column-1\">2018<\/td><td class=\"column-2\">23679<\/td><td class=\"column-3\">Allsvenskan<\/td><td class=\"column-4\">4<\/td>\n<\/tr>\n<tr class=\"row-9\">\n\t<td class=\"column-1\">2017<\/td><td class=\"column-2\">22137<\/td><td class=\"column-3\">Allsvenskan<\/td><td class=\"column-4\">9<\/td>\n<\/tr>\n<tr class=\"row-10\">\n\t<td class=\"column-1\">2016<\/td><td class=\"column-2\">22885<\/td><td class=\"column-3\">Allsvenskan<\/td><td class=\"column-4\">11<\/td>\n<\/tr>\n<tr class=\"row-11\">\n\t<td class=\"column-1\">2015<\/td><td class=\"column-2\">25507<\/td><td class=\"column-3\">Allsvenskan<\/td><td class=\"column-4\">11<\/td>\n<\/tr>\n<tr class=\"row-12\">\n\t<td class=\"column-1\">2014<\/td><td class=\"column-2\">20451<\/td><td class=\"column-3\">Superettan<\/td><td class=\"column-4\">1<\/td>\n<\/tr>\n<tr class=\"row-13\">\n\t<td class=\"column-1\">2013<\/td><td class=\"column-2\">12097<\/td><td class=\"column-3\">Superettan<\/td><td class=\"column-4\">5<\/td>\n<\/tr>\n<tr class=\"row-14\">\n\t<td class=\"column-1\">2012<\/td><td class=\"column-2\">8463<\/td><td class=\"column-3\">Superettan<\/td><td class=\"column-4\">4<\/td>\n<\/tr>\n<tr class=\"row-15\">\n\t<td class=\"column-1\">2011<\/td><td class=\"column-2\">7953<\/td><td class=\"column-3\">Superettan<\/td><td class=\"column-4\">11<\/td>\n<\/tr>\n<tr class=\"row-16\">\n\t<td class=\"column-1\">2010<\/td><td class=\"column-2\">6864<\/td><td class=\"column-3\">Superettan<\/td><td class=\"column-4\">8<\/td>\n<\/tr>\n<tr class=\"row-17\">\n\t<td class=\"column-1\">2009<\/td><td class=\"column-2\">10381<\/td><td class=\"column-3\">Allsvenskan<\/td><td class=\"column-4\">16<\/td>\n<\/tr>\n<tr class=\"row-18\">\n\t<td class=\"column-1\">2008<\/td><td class=\"column-2\">10497<\/td><td class=\"column-3\">Allsvenskan<\/td><td class=\"column-4\">9<\/td>\n<\/tr>\n<tr class=\"row-19\">\n\t<td class=\"column-1\">2007<\/td><td class=\"column-2\">13505<\/td><td class=\"column-3\">Allsvenskan<\/td><td class=\"column-4\">6<\/td>\n<\/tr>\n<tr class=\"row-20\">\n\t<td class=\"column-1\">2006<\/td><td class=\"column-2\">11793<\/td><td class=\"column-3\">Allsvenskan<\/td><td class=\"column-4\">3<\/td>\n<\/tr>\n<tr class=\"row-21\">\n\t<td class=\"column-1\">2005<\/td><td class=\"column-2\">1145<\/td><td class=\"column-3\">Allsvenskan<\/td><td class=\"column-4\">4<\/td>\n<\/tr>\n<tr class=\"row-22\">\n\t<td class=\"column-1\">2004<\/td><td class=\"column-2\">12887<\/td><td class=\"column-3\">Allsvenskan<\/td><td class=\"column-4\">6<\/td>\n<\/tr>\n<tr class=\"row-23\">\n\t<td class=\"column-1\">2003<\/td><td class=\"column-2\">14026<\/td><td class=\"column-3\">Allsvenskan<\/td><td class=\"column-4\">2<\/td>\n<\/tr>\n<tr class=\"row-24\">\n\t<td class=\"column-1\">2002<\/td><td class=\"column-2\">13296<\/td><td class=\"column-3\">Allsvenskan<\/td><td class=\"column-4\">9<\/td>\n<\/tr>\n<tr class=\"row-25\">\n\t<td class=\"column-1\">2001<\/td><td class=\"column-2\">13613<\/td><td class=\"column-3\">Allsvenskan<\/td><td class=\"column-4\">1<\/td>\n<\/tr>\n<tr class=\"row-26\">\n\t<td class=\"column-1\">2000<\/td><td class=\"column-2\">12135<\/td><td class=\"column-3\">Allsvenskan<\/td><td class=\"column-4\">8<\/td>\n<\/tr>\n<tr class=\"row-27\">\n\t<td class=\"column-1\">1999<\/td><td class=\"column-2\">11917<\/td><td class=\"column-3\">Allsvenskan<\/td><td class=\"column-4\">10<\/td>\n<\/tr>\n<tr class=\"row-28\">\n\t<td class=\"column-1\">1998<\/td><td class=\"column-2\">10967<\/td><td class=\"column-3\">Allsvenskan<\/td><td class=\"column-4\">3<\/td>\n<\/tr>\n<tr class=\"row-29\">\n\t<td class=\"column-1\">1997<\/td><td class=\"column-2\">4499<\/td><td class=\"column-3\">Division 1 Norra<\/td><td class=\"column-4\">1<\/td>\n<\/tr>\n<tr class=\"row-30\">\n\t<td class=\"column-1\">1996<\/td><td class=\"column-2\">3993<\/td><td class=\"column-3\">Division 1 Norra<\/td><td class=\"column-4\">2<\/td>\n<\/tr>\n<tr class=\"row-31\">\n\t<td class=\"column-1\">1995<\/td><td class=\"column-2\">8612<\/td><td class=\"column-3\">Allsvenskan<\/td><td class=\"column-4\">13<\/td>\n<\/tr>\n<tr class=\"row-32\">\n\t<td class=\"column-1\">1994<\/td><td class=\"column-2\">7823<\/td><td class=\"column-3\">Allsvenskan<\/td><td class=\"column-4\">12<\/td>\n<\/tr>\n<tr class=\"row-33\">\n\t<td class=\"column-1\">1993<\/td><td class=\"column-2\">3532<\/td><td class=\"column-3\">Division 1 Norra<\/td><td class=\"column-4\">1<\/td>\n<\/tr>\n<tr class=\"row-34\">\n\t<td class=\"column-1\">1992<\/td><td class=\"column-2\">1744<\/td><td class=\"column-3\">V\u00e5rettan Norra, H\u00f6stettan \u00d6stra**<\/td><td class=\"column-4\">2,3<\/td>\n<\/tr>\n<tr class=\"row-35\">\n\t<td class=\"column-1\">1991<\/td><td class=\"column-2\">3289<\/td><td class=\"column-3\">V\u00e5rettan \u00d6stra, Kvalsvenskan*<\/td><td class=\"column-4\">1,5<\/td>\n<\/tr>\n<tr class=\"row-36\">\n\t<td class=\"column-1\">1990<\/td><td class=\"column-2\">4126<\/td><td class=\"column-3\">Allsvenskan<\/td><td class=\"column-4\">12<\/td>\n<\/tr>\n<tr class=\"row-37\">\n\t<td class=\"column-1\">1989<\/td><td class=\"column-2\">2415<\/td><td class=\"column-3\">Division 1 Norra<\/td><td class=\"column-4\">1<\/td>\n<\/tr>\n<tr class=\"row-38\">\n\t<td class=\"column-1\">1988<\/td><td class=\"column-2\">4549<\/td><td class=\"column-3\">Allsvenskan<\/td><td class=\"column-4\">12<\/td>\n<\/tr>\n<tr class=\"row-39\">\n\t<td class=\"column-1\">1987<\/td><td class=\"column-2\">3978<\/td><td class=\"column-3\">Allsvenskan<\/td><td class=\"column-4\">6<\/td>\n<\/tr>\n<tr class=\"row-40\">\n\t<td class=\"column-1\">1986<\/td><td class=\"column-2\">531<\/td><td class=\"column-3\">Allsvenskan<\/td><td class=\"column-4\">6<\/td>\n<\/tr>\n<tr class=\"row-41\">\n\t<td class=\"column-1\">1985<\/td><td class=\"column-2\">5734<\/td><td class=\"column-3\">Allsvenskan<\/td><td class=\"column-4\">6<\/td>\n<\/tr>\n<tr class=\"row-42\">\n\t<td class=\"column-1\">1984<\/td><td class=\"column-2\">7303<\/td><td class=\"column-3\">Allsvenskan<\/td><td class=\"column-4\">4<\/td>\n<\/tr>\n<tr class=\"row-43\">\n\t<td class=\"column-1\">1983<\/td><td class=\"column-2\">9912<\/td><td class=\"column-3\">Allsvenskan<\/td><td class=\"column-4\">5<\/td>\n<\/tr>\n<tr class=\"row-44\">\n\t<td class=\"column-1\">1982<\/td><td class=\"column-2\">8872<\/td><td class=\"column-3\">Allsvenskan<\/td><td class=\"column-4\">2<\/td>\n<\/tr>\n<tr class=\"row-45\">\n\t<td class=\"column-1\">1981<\/td><td class=\"column-2\">8307<\/td><td class=\"column-3\">Allsvenskan<\/td><td class=\"column-4\">7<\/td>\n<\/tr>\n<tr class=\"row-46\">\n\t<td class=\"column-1\">1980<\/td><td class=\"column-2\">903<\/td><td class=\"column-3\">Allsvenskan<\/td><td class=\"column-4\">5<\/td>\n<\/tr>\n<tr class=\"row-47\">\n\t<td class=\"column-1\">1979<\/td><td class=\"column-2\">11499<\/td><td class=\"column-3\">Allsvenskan<\/td><td class=\"column-4\">6<\/td>\n<\/tr>\n<tr class=\"row-48\">\n\t<td class=\"column-1\">1978<\/td><td class=\"column-2\">7753<\/td><td class=\"column-3\">Allsvenskan<\/td><td class=\"column-4\">9<\/td>\n<\/tr>\n<tr class=\"row-49\">\n\t<td class=\"column-1\">1977<\/td><td class=\"column-2\">8856<\/td><td class=\"column-3\">Allsvenskan<\/td><td class=\"column-4\">7<\/td>\n<\/tr>\n<tr class=\"row-50\">\n\t<td class=\"column-1\">1976<\/td><td class=\"column-2\">9767<\/td><td class=\"column-3\">Allsvenskan<\/td><td class=\"column-4\">8<\/td>\n<\/tr>\n<tr class=\"row-51\">\n\t<td class=\"column-1\">1975<\/td><td class=\"column-2\">8031<\/td><td class=\"column-3\">Allsvenskan<\/td><td class=\"column-4\">10<\/td>\n<\/tr>\n<tr class=\"row-52\">\n\t<td class=\"column-1\">1974<\/td><td class=\"column-2\">8673<\/td><td class=\"column-3\">Allsvenskan<\/td><td class=\"column-4\">9<\/td>\n<\/tr>\n<tr class=\"row-53\">\n\t<td class=\"column-1\">1973<\/td><td class=\"column-2\">7631<\/td><td class=\"column-3\">Allsvenskan<\/td><td class=\"column-4\">8<\/td>\n<\/tr>\n<tr class=\"row-54\">\n\t<td class=\"column-1\">1972<\/td><td class=\"column-2\">8562<\/td><td class=\"column-3\">Allsvenskan<\/td><td class=\"column-4\">10<\/td>\n<\/tr>\n<tr class=\"row-55\">\n\t<td class=\"column-1\">1971<\/td><td class=\"column-2\">13018<\/td><td class=\"column-3\">Allsvenskan<\/td><td class=\"column-4\">10<\/td>\n<\/tr>\n<tr class=\"row-56\">\n\t<td class=\"column-1\">1970<\/td><td class=\"column-2\">12548<\/td><td class=\"column-3\">Allsvenskan<\/td><td class=\"column-4\">5<\/td>\n<\/tr>\n<tr class=\"row-57\">\n\t<td class=\"column-1\">1969<\/td><td class=\"column-2\">2935<\/td><td class=\"column-3\">Division 2 Svealand<\/td><td class=\"column-4\">1<\/td>\n<\/tr>\n<tr class=\"row-58\">\n\t<td class=\"column-1\">1968<\/td><td class=\"column-2\">4604<\/td><td class=\"column-3\">Division 2 Svealand<\/td><td class=\"column-4\">2<\/td>\n<\/tr>\n<tr class=\"row-59\">\n\t<td class=\"column-1\">1967<\/td><td class=\"column-2\">6607<\/td><td class=\"column-3\">Allsvenskan<\/td><td class=\"column-4\">11<\/td>\n<\/tr>\n<tr class=\"row-60\">\n\t<td class=\"column-1\">1966<\/td><td class=\"column-2\">249<\/td><td class=\"column-3\">Division 2 Svealand<\/td><td class=\"column-4\">1<\/td>\n<\/tr>\n<tr class=\"row-61\">\n\t<td class=\"column-1\">1965<\/td><td class=\"column-2\">8216<\/td><td class=\"column-3\">Allsvenskan<\/td><td class=\"column-4\">11<\/td>\n<\/tr>\n<tr class=\"row-62\">\n\t<td class=\"column-1\">1964<\/td><td class=\"column-2\">4846<\/td><td class=\"column-3\">Division 2 Svealand<\/td><td class=\"column-4\">1<\/td>\n<\/tr>\n<tr class=\"row-63\">\n\t<td class=\"column-1\">1963<\/td><td class=\"column-2\">8783<\/td><td class=\"column-3\">Allsvenskan<\/td><td class=\"column-4\">11<\/td>\n<\/tr>\n<tr class=\"row-64\">\n\t<td class=\"column-1\">1962<\/td><td class=\"column-2\">11072<\/td><td class=\"column-3\">Allsvenskan<\/td><td class=\"column-4\">9<\/td>\n<\/tr>\n<tr class=\"row-65\">\n\t<td class=\"column-1\">1961<\/td><td class=\"column-2\">12136<\/td><td class=\"column-3\">Allsvenskan<\/td><td class=\"column-4\">10<\/td>\n<\/tr>\n<tr class=\"row-66\">\n\t<td class=\"column-1\">1960<\/td><td class=\"column-2\">9726<\/td><td class=\"column-3\">Allsvenskan<\/td><td class=\"column-4\">7<\/td>\n<\/tr>\n<tr class=\"row-67\">\n\t<td class=\"column-1\">1959<\/td><td class=\"column-2\">1456<\/td><td class=\"column-3\">Allsvenskan<\/td><td class=\"column-4\">6<\/td>\n<\/tr>\n<tr class=\"row-68\">\n\t<td class=\"column-1\">1958<\/td><td class=\"column-2\">346<\/td><td class=\"column-3\">Division 2 Svealand<\/td><td class=\"column-4\">1<\/td>\n<\/tr>\n<tr class=\"row-69\">\n\t<td class=\"column-1\">1957<\/td><td class=\"column-2\">884<\/td><td class=\"column-3\">Allsvenskan<\/td><td class=\"column-4\">12<\/td>\n<\/tr>\n<tr class=\"row-70\">\n\t<td class=\"column-1\">1956<\/td><td class=\"column-2\">12304<\/td><td class=\"column-3\">Allsvenskan<\/td><td class=\"column-4\">9<\/td>\n<\/tr>\n<tr class=\"row-71\">\n\t<td class=\"column-1\">1955<\/td><td class=\"column-2\">14803<\/td><td class=\"column-3\">Allsvenskan<\/td><td class=\"column-4\">6<\/td>\n<\/tr>\n<tr class=\"row-72\">\n\t<td class=\"column-1\">1954<\/td><td class=\"column-2\">5164<\/td><td class=\"column-3\">Division 2 Svealand<\/td><td class=\"column-4\">1<\/td>\n<\/tr>\n<tr class=\"row-73\">\n\t<td class=\"column-1\">1953<\/td><td class=\"column-2\">2482<\/td><td class=\"column-3\">Division 2 Nord\u00f6stra<\/td><td class=\"column-4\">6<\/td>\n<\/tr>\n<tr class=\"row-74\">\n\t<td class=\"column-1\">1952<\/td><td class=\"column-2\">3334<\/td><td class=\"column-3\">Division 2 Nord\u00f6stra<\/td><td class=\"column-4\">4<\/td>\n<\/tr>\n<tr class=\"row-75\">\n\t<td class=\"column-1\">1951<\/td><td class=\"column-2\">1925<\/td><td class=\"column-3\">Division 2 Nord\u00f6stra<\/td><td class=\"column-4\">4<\/td>\n<\/tr>\n<tr class=\"row-76\">\n\t<td class=\"column-1\">1950<\/td><td class=\"column-2\">1406<\/td><td class=\"column-3\">Division 3 \u00d6stra<\/td><td class=\"column-4\">1<\/td>\n<\/tr>\n<tr class=\"row-77\">\n\t<td class=\"column-1\">1949<\/td><td class=\"column-2\">817<\/td><td class=\"column-3\">Division 3 \u00d6stra<\/td><td class=\"column-4\">7<\/td>\n<\/tr>\n<tr class=\"row-78\">\n\t<td class=\"column-1\">1948<\/td><td class=\"column-2\">517<\/td><td class=\"column-3\">Division 4 \u00d6stsvenskan<\/td><td class=\"column-4\">1<\/td>\n<\/tr>\n<tr class=\"row-79\">\n\t<td class=\"column-1\">1947<\/td><td class=\"column-2\">1466<\/td><td class=\"column-3\">Division 2 \u00d6stra<\/td><td class=\"column-4\">10<\/td>\n<\/tr>\n<tr class=\"row-80\">\n\t<td class=\"column-1\">1946<\/td><td class=\"column-2\">1874<\/td><td class=\"column-3\">Division 2 \u00d6stra<\/td><td class=\"column-4\">4<\/td>\n<\/tr>\n<tr class=\"row-81\">\n\t<td class=\"column-1\">1945<\/td><td class=\"column-2\">3177<\/td><td class=\"column-3\">Division 2 \u00d6stra<\/td><td class=\"column-4\">2<\/td>\n<\/tr>\n<tr class=\"row-82\">\n\t<td class=\"column-1\">1944<\/td><td class=\"column-2\">2969<\/td><td class=\"column-3\">Division 2 Norra<\/td><td class=\"column-4\">2<\/td>\n<\/tr>\n<tr class=\"row-83\">\n\t<td class=\"column-1\">1943<\/td><td class=\"column-2\">3145<\/td><td class=\"column-3\">Division 2 Norra<\/td><td class=\"column-4\">4<\/td>\n<\/tr>\n<tr class=\"row-84\">\n\t<td class=\"column-1\">1942<\/td><td class=\"column-2\">2807<\/td><td class=\"column-3\">Division 2 Norra<\/td><td class=\"column-4\">2<\/td>\n<\/tr>\n<tr class=\"row-85\">\n\t<td class=\"column-1\">1941<\/td><td class=\"column-2\">212<\/td><td class=\"column-3\">Division 2 Norra<\/td><td class=\"column-4\">4<\/td>\n<\/tr>\n<tr class=\"row-86\">\n\t<td class=\"column-1\">1940<\/td><td class=\"column-2\">8035<\/td><td class=\"column-3\">Allsvenskan<\/td><td class=\"column-4\">12<\/td>\n<\/tr>\n<tr class=\"row-87\">\n\t<td class=\"column-1\">1939<\/td><td class=\"column-2\">3226<\/td><td class=\"column-3\">Division 2 Norra<\/td><td class=\"column-4\">1<\/td>\n<\/tr>\n<tr class=\"row-88\">\n\t<td class=\"column-1\">1938<\/td><td class=\"column-2\">3322<\/td><td class=\"column-3\">Division 2 Norra<\/td><td class=\"column-4\">1<\/td>\n<\/tr>\n<tr class=\"row-89\">\n\t<td class=\"column-1\">1937<\/td><td class=\"column-2\">2414<\/td><td class=\"column-3\">Division 2 \u00d6stra<\/td><td class=\"column-4\">1<\/td>\n<\/tr>\n<tr class=\"row-90\">\n\t<td class=\"column-1\">1936<\/td><td class=\"column-2\">262<\/td><td class=\"column-3\">Division 2 \u00d6stra<\/td><td class=\"column-4\">4<\/td>\n<\/tr>\n<tr class=\"row-91\">\n\t<td class=\"column-1\">1935<\/td><td class=\"column-2\">2292<\/td><td class=\"column-3\">Divison 2 \u00d6stra<\/td><td class=\"column-4\">3<\/td>\n<\/tr>\n<tr class=\"row-92\">\n\t<td class=\"column-1\">1934<\/td><td class=\"column-2\">2084<\/td><td class=\"column-3\">Division 2 \u00d6stra<\/td><td class=\"column-4\">3<\/td>\n<\/tr>\n<tr class=\"row-93\">\n\t<td class=\"column-1\">1933<\/td><td class=\"column-2\">2872<\/td><td class=\"column-3\">Division 2 \u00d6stra<\/td><td class=\"column-4\">2<\/td>\n<\/tr>\n<tr class=\"row-94\">\n\t<td class=\"column-1\">1932<\/td><td class=\"column-2\">2556<\/td><td class=\"column-3\">Division 2 Norra<\/td><td class=\"column-4\">7<\/td>\n<\/tr>\n<tr class=\"row-95\">\n\t<td class=\"column-1\">1931<\/td><td class=\"column-2\">2833<\/td><td class=\"column-3\">Division 2 Norra<\/td><td class=\"column-4\">3<\/td>\n<\/tr>\n<tr class=\"row-96\">\n\t<td class=\"column-1\">1930<\/td><td class=\"column-2\">2983<\/td><td class=\"column-3\">Division 2 Norra<\/td><td class=\"column-4\">2<\/td>\n<\/tr>\n<tr class=\"row-97\">\n\t<td class=\"column-1\">1929<\/td><td class=\"column-2\">1888<\/td><td class=\"column-3\">Division 2 Norra<\/td><td class=\"column-4\">4<\/td>\n<\/tr>\n<tr class=\"row-98\">\n\t<td class=\"column-1\">1928<\/td><td class=\"column-2\">1941<\/td><td class=\"column-3\">\u00d6stsvenska Serien<\/td><td class=\"column-4\">3<\/td>\n<\/tr>\n<tr class=\"row-99\">\n\t<td class=\"column-1\">1927<\/td><td class=\"column-2\">175<\/td><td class=\"column-3\">\u00d6stsvenska Serien<\/td><td class=\"column-4\">3<\/td>\n<\/tr>\n<tr class=\"row-100\">\n\t<td class=\"column-1\">1926<\/td><td class=\"column-2\">195<\/td><td class=\"column-3\">Division 2 \u00d6stsvenska Serien<\/td><td class=\"column-4\">6<\/td>\n<\/tr>\n<tr class=\"row-101\">\n\t<td class=\"column-1\">1925<\/td><td class=\"column-2\">4182<\/td><td class=\"column-3\">Allsvenskan<\/td><td class=\"column-4\">12<\/td>\n<\/tr>\n<\/tbody>\n<\/table>\n<span id=\"tablepress-12-description\" class=\"tablepress-table-description tablepress-table-description-id-12\">Notera: <br \/>\n2020 var det Covid-pandemi, inga bes\u00f6kare<br \/>\n2021 var det restriktioner till f\u00f6ljder av Covid-pandemi<br \/>\n*1992 spelades V\u00e5rettan och H\u00f6stettan<br \/>\n**1991 spelades V\u00e5rettan och Kvalsvenskan<\/span>\n\n","protected":false},"excerpt":{"rendered":"","protected":false},"author":1,"featured_media":0,"parent":0,"menu_order":0,"comment_status":"closed","ping_status":"closed","template":"","meta":{"footnotes":""},"class_list":["post-5867","page","type-page","status-publish","hentry"],"yoast_head":"<!-- This site is optimized with the Yoast SEO plugin v27.6 - https:\/\/yoast.com\/product\/yoast-seo-wordpress\/ -->\n<title>Publiksnitt - Bajenstatistik<\/title>\n<meta name=\"robots\" content=\"index, follow, max-snippet:-1, max-image-preview:large, max-video-preview:-1\" \/>\n<link rel=\"canonical\" href=\"https:\/\/bajenstatistik.se\/se\/publiksnitt\/\" \/>\n<meta property=\"og:locale\" content=\"sv_SE\" \/>\n<meta property=\"og:type\" content=\"article\" \/>\n<meta property=\"og:title\" content=\"Publiksnitt - Bajenstatistik\" \/>\n<meta property=\"og:url\" content=\"https:\/\/bajenstatistik.se\/se\/publiksnitt\/\" \/>\n<meta property=\"og:site_name\" content=\"Bajenstatistik\" \/>\n<meta property=\"article:modified_time\" content=\"2023-12-08T12:21:37+00:00\" \/>\n<meta name=\"twitter:card\" content=\"summary_large_image\" \/>\n<meta name=\"twitter:site\" content=\"@bajenstatistik\" \/>\n<script type=\"application\/ld+json\" class=\"yoast-schema-graph\">{\"@context\":\"https:\\\/\\\/schema.org\",\"@graph\":[{\"@type\":\"WebPage\",\"@id\":\"https:\\\/\\\/bajenstatistik.se\\\/se\\\/publiksnitt\\\/\",\"url\":\"https:\\\/\\\/bajenstatistik.se\\\/se\\\/publiksnitt\\\/\",\"name\":\"Publiksnitt - Bajenstatistik\",\"isPartOf\":{\"@id\":\"https:\\\/\\\/bajenstatistik.se\\\/se\\\/#website\"},\"datePublished\":\"2023-12-08T12:01:28+00:00\",\"dateModified\":\"2023-12-08T12:21:37+00:00\",\"breadcrumb\":{\"@id\":\"https:\\\/\\\/bajenstatistik.se\\\/se\\\/publiksnitt\\\/#breadcrumb\"},\"inLanguage\":\"sv-SE\",\"potentialAction\":[{\"@type\":\"ReadAction\",\"target\":[\"https:\\\/\\\/bajenstatistik.se\\\/se\\\/publiksnitt\\\/\"]}]},{\"@type\":\"BreadcrumbList\",\"@id\":\"https:\\\/\\\/bajenstatistik.se\\\/se\\\/publiksnitt\\\/#breadcrumb\",\"itemListElement\":[{\"@type\":\"ListItem\",\"position\":1,\"name\":\"Hem\",\"item\":\"https:\\\/\\\/bajenstatistik.se\\\/se\\\/\"},{\"@type\":\"ListItem\",\"position\":2,\"name\":\"Publiksnitt\"}]},{\"@type\":\"WebSite\",\"@id\":\"https:\\\/\\\/bajenstatistik.se\\\/se\\\/#website\",\"url\":\"https:\\\/\\\/bajenstatistik.se\\\/se\\\/\",\"name\":\"Bajenstatistik\",\"description\":\"Statistik om Hammarby\",\"potentialAction\":[{\"@type\":\"SearchAction\",\"target\":{\"@type\":\"EntryPoint\",\"urlTemplate\":\"https:\\\/\\\/bajenstatistik.se\\\/se\\\/?s={search_term_string}\"},\"query-input\":{\"@type\":\"PropertyValueSpecification\",\"valueRequired\":true,\"valueName\":\"search_term_string\"}}],\"inLanguage\":\"sv-SE\"}]}<\/script>\n<!-- \/ Yoast SEO plugin. -->","yoast_head_json":{"title":"Publiksnitt - Bajenstatistik","robots":{"index":"index","follow":"follow","max-snippet":"max-snippet:-1","max-image-preview":"max-image-preview:large","max-video-preview":"max-video-preview:-1"},"canonical":"https:\/\/bajenstatistik.se\/se\/publiksnitt\/","og_locale":"sv_SE","og_type":"article","og_title":"Publiksnitt - Bajenstatistik","og_url":"https:\/\/bajenstatistik.se\/se\/publiksnitt\/","og_site_name":"Bajenstatistik","article_modified_time":"2023-12-08T12:21:37+00:00","twitter_card":"summary_large_image","twitter_site":"@bajenstatistik","schema":{"@context":"https:\/\/schema.org","@graph":[{"@type":"WebPage","@id":"https:\/\/bajenstatistik.se\/se\/publiksnitt\/","url":"https:\/\/bajenstatistik.se\/se\/publiksnitt\/","name":"Publiksnitt - Bajenstatistik","isPartOf":{"@id":"https:\/\/bajenstatistik.se\/se\/#website"},"datePublished":"2023-12-08T12:01:28+00:00","dateModified":"2023-12-08T12:21:37+00:00","breadcrumb":{"@id":"https:\/\/bajenstatistik.se\/se\/publiksnitt\/#breadcrumb"},"inLanguage":"sv-SE","potentialAction":[{"@type":"ReadAction","target":["https:\/\/bajenstatistik.se\/se\/publiksnitt\/"]}]},{"@type":"BreadcrumbList","@id":"https:\/\/bajenstatistik.se\/se\/publiksnitt\/#breadcrumb","itemListElement":[{"@type":"ListItem","position":1,"name":"Hem","item":"https:\/\/bajenstatistik.se\/se\/"},{"@type":"ListItem","position":2,"name":"Publiksnitt"}]},{"@type":"WebSite","@id":"https:\/\/bajenstatistik.se\/se\/#website","url":"https:\/\/bajenstatistik.se\/se\/","name":"Bajenstatistik","description":"Statistik om Hammarby","potentialAction":[{"@type":"SearchAction","target":{"@type":"EntryPoint","urlTemplate":"https:\/\/bajenstatistik.se\/se\/?s={search_term_string}"},"query-input":{"@type":"PropertyValueSpecification","valueRequired":true,"valueName":"search_term_string"}}],"inLanguage":"sv-SE"}]}},"_links":{"self":[{"href":"https:\/\/bajenstatistik.se\/se\/wp-json\/wp\/v2\/pages\/5867","targetHints":{"allow":["GET"]}}],"collection":[{"href":"https:\/\/bajenstatistik.se\/se\/wp-json\/wp\/v2\/pages"}],"about":[{"href":"https:\/\/bajenstatistik.se\/se\/wp-json\/wp\/v2\/types\/page"}],"author":[{"embeddable":true,"href":"https:\/\/bajenstatistik.se\/se\/wp-json\/wp\/v2\/users\/1"}],"replies":[{"embeddable":true,"href":"https:\/\/bajenstatistik.se\/se\/wp-json\/wp\/v2\/comments?post=5867"}],"version-history":[{"count":11,"href":"https:\/\/bajenstatistik.se\/se\/wp-json\/wp\/v2\/pages\/5867\/revisions"}],"predecessor-version":[{"id":5882,"href":"https:\/\/bajenstatistik.se\/se\/wp-json\/wp\/v2\/pages\/5867\/revisions\/5882"}],"wp:attachment":[{"href":"https:\/\/bajenstatistik.se\/se\/wp-json\/wp\/v2\/media?parent=5867"}],"curies":[{"name":"wp","href":"https:\/\/api.w.org\/{rel}","templated":true}]}}