{"id":5853,"date":"2023-12-08T12:45:54","date_gmt":"2023-12-08T11:45:54","guid":{"rendered":"https:\/\/bajenstatistik.se\/se\/?page_id=5853"},"modified":"2023-12-08T12:50:20","modified_gmt":"2023-12-08T11:50:20","slug":"premiarer","status":"publish","type":"page","link":"https:\/\/bajenstatistik.se\/se\/premiarer\/","title":{"rendered":"Premi\u00e4rer"},"content":{"rendered":"<p><strong>Statistik hemmapremi\u00e4rer:<\/strong><br \/>\n\n<table id=\"tablepress-18\" class=\"tablepress tablepress-id-18\">\n<thead>\n<tr class=\"row-1\">\n\t<th class=\"column-1\">Matcher<\/th><th class=\"column-2\">Vunna<\/th><th class=\"column-3\">Oavgjorda<\/th><th class=\"column-4\">F\u00f6rluster<\/th>\n<\/tr>\n<\/thead>\n<tbody class=\"row-striping row-hover\">\n<tr class=\"row-2\">\n\t<td class=\"column-1\">29<\/td><td class=\"column-2\">15<\/td><td class=\"column-3\">6<\/td><td class=\"column-4\">8<\/td>\n<\/tr>\n<\/tbody>\n<\/table>\n<!-- #tablepress-18 from cache --><\/p>\n<p><span style=\"font-size: inherit; font-family: -apple-system, system-ui, BlinkMacSystemFont, 'Segoe UI', Helvetica, Arial, sans-serif, 'Apple Color Emoji', 'Segoe UI Emoji', 'Segoe UI Symbol';\"><strong>Statistik bortapremi\u00e4rer:<\/strong><br \/>\n\n<table id=\"tablepress-19\" class=\"tablepress tablepress-id-19\">\n<thead>\n<tr class=\"row-1\">\n\t<th class=\"column-1\">Matcher<\/th><th class=\"column-2\">Vunna<\/th><th class=\"column-3\">Oavgjorda<\/th><th class=\"column-4\">F\u00f6rluster<\/th>\n<\/tr>\n<\/thead>\n<tbody class=\"row-striping row-hover\">\n<tr class=\"row-2\">\n\t<td class=\"column-1\">27<\/td><td class=\"column-2\">6<\/td><td class=\"column-3\">10<\/td><td class=\"column-4\">11<\/td>\n<\/tr>\n<\/tbody>\n<\/table>\n<!-- #tablepress-19 from cache --><\/span><\/p>\n<p><strong>Alla premi\u00e4rer hemma och borta per \u00e5r<\/strong><br \/>\n\n<table id=\"tablepress-16\" class=\"tablepress tablepress-id-16\">\n<thead>\n<tr class=\"row-1\">\n\t<th class=\"column-1\">\u00c5r<\/th><th class=\"column-2\">Premi\u00e4r<\/th><th class=\"column-3\">Spelplats<\/th><th class=\"column-4\">Resultat<\/th><th class=\"column-5\">Match 2<\/th><th class=\"column-6\">Spelplats<\/th><th class=\"column-7\">Resultat<\/th>\n<\/tr>\n<\/thead>\n<tbody class=\"row-striping row-hover\">\n<tr class=\"row-2\">\n\t<td class=\"column-1\">2024<\/td><td class=\"column-2\">Kalmar FF<\/td><td class=\"column-3\">Hemma<\/td><td class=\"column-4\">Vinst<\/td><td class=\"column-5\">Malm\u00f6 FF<\/td><td class=\"column-6\">Borta<\/td><td class=\"column-7\">F\u00f6rlust<\/td>\n<\/tr>\n<tr class=\"row-3\">\n\t<td class=\"column-1\">2023<\/td><td class=\"column-2\">Degerfors IF<\/td><td class=\"column-3\">Hemma<\/td><td class=\"column-4\">Vinst<\/td><td class=\"column-5\">H\u00e4cken BK<\/td><td class=\"column-6\">Borta<\/td><td class=\"column-7\">F\u00f6rlust<\/td>\n<\/tr>\n<tr class=\"row-4\">\n\t<td class=\"column-1\">2022<\/td><td class=\"column-2\">Helsingborgs IF<\/td><td class=\"column-3\">Hemma<\/td><td class=\"column-4\">Vinst<\/td><td class=\"column-5\">GIF Sundsvall<\/td><td class=\"column-6\">Borta<\/td><td class=\"column-7\">Vinst<\/td>\n<\/tr>\n<tr class=\"row-5\">\n\t<td class=\"column-1\">2021<\/td><td class=\"column-2\">Malm\u00f6 FF<\/td><td class=\"column-3\">Borta<\/td><td class=\"column-4\">F\u00f6rlust<\/td><td class=\"column-5\">Mj\u00e4llby AIF<\/td><td class=\"column-6\">Hemma<\/td><td class=\"column-7\">Vinst<\/td>\n<\/tr>\n<tr class=\"row-6\">\n\t<td class=\"column-1\">2020<\/td><td class=\"column-2\">\u00d6stersunds FK<\/td><td class=\"column-3\">Hemma<\/td><td class=\"column-4\">Vinst<\/td><td class=\"column-5\">Elfsborg<\/td><td class=\"column-6\">Borta<\/td><td class=\"column-7\">Oavgjort<\/td>\n<\/tr>\n<tr class=\"row-7\">\n\t<td class=\"column-1\">2019<\/td><td class=\"column-2\">Elfsborg<\/td><td class=\"column-3\">Borta<\/td><td class=\"column-4\">Oavgjort<\/td><td class=\"column-5\">Kalmar FF<\/td><td class=\"column-6\">Hemma<\/td><td class=\"column-7\">Oavgjort<\/td>\n<\/tr>\n<tr class=\"row-8\">\n\t<td class=\"column-1\">2018<\/td><td class=\"column-2\">Sirius<\/td><td class=\"column-3\">Hemma<\/td><td class=\"column-4\">Vinst<\/td><td class=\"column-5\">IFK G\u00f6teborg<\/td><td class=\"column-6\">Borta<\/td><td class=\"column-7\">Vinst<\/td>\n<\/tr>\n<tr class=\"row-9\">\n\t<td class=\"column-1\">2017<\/td><td class=\"column-2\">IFK Norrk\u00f6ping<\/td><td class=\"column-3\">Borta<\/td><td class=\"column-4\">F\u00f6rlust<\/td><td class=\"column-5\">Kalmar FF<\/td><td class=\"column-6\">Hemma<\/td><td class=\"column-7\">Oavgjort<\/td>\n<\/tr>\n<tr class=\"row-10\">\n\t<td class=\"column-1\">2016<\/td><td class=\"column-2\">\u00d6stersunds FK<\/td><td class=\"column-3\">Hemma<\/td><td class=\"column-4\">Oavgjort<\/td><td class=\"column-5\">Elfsborg<\/td><td class=\"column-6\">Borta<\/td><td class=\"column-7\">F\u00f6rlust<\/td>\n<\/tr>\n<tr class=\"row-11\">\n\t<td class=\"column-1\">2015<\/td><td class=\"column-2\">BK H\u00e4cken<\/td><td class=\"column-3\">Hemma<\/td><td class=\"column-4\">Vinst<\/td><td class=\"column-5\">Elfsborg<\/td><td class=\"column-6\">Borta<\/td><td class=\"column-7\">Oavgjort<\/td>\n<\/tr>\n<tr class=\"row-12\">\n\t<td class=\"column-1\">2014<\/td><td class=\"column-2\">Assyriska FF<\/td><td class=\"column-3\">Borta<\/td><td class=\"column-4\">Vinst<\/td><td class=\"column-5\">Degerfors IF<\/td><td class=\"column-6\">Hemma<\/td><td class=\"column-7\">Vinst<\/td>\n<\/tr>\n<tr class=\"row-13\">\n\t<td class=\"column-1\">2013<\/td><td class=\"column-2\">Ljungskile SK<\/td><td class=\"column-3\">Borta<\/td><td class=\"column-4\">Oavgjort<\/td><td class=\"column-5\">V\u00e4rnamo SK<\/td><td class=\"column-6\">Hemma<\/td><td class=\"column-7\">Oavgjort<\/td>\n<\/tr>\n<tr class=\"row-14\">\n\t<td class=\"column-1\">2012<\/td><td class=\"column-2\">Halmstads BK<\/td><td class=\"column-3\">Hemma<\/td><td class=\"column-4\">Vinst<\/td><td class=\"column-5\">Ume\u00e5 FC<\/td><td class=\"column-6\">Borta<\/td><td class=\"column-7\">Vinst<\/td>\n<\/tr>\n<tr class=\"row-15\">\n\t<td class=\"column-1\">2011<\/td><td class=\"column-2\">Assyriska FF<\/td><td class=\"column-3\">Borta<\/td><td class=\"column-4\">F\u00f6rlust<\/td><td class=\"column-5\">Landskrona BOIS<\/td><td class=\"column-6\">Hemma<\/td><td class=\"column-7\">Vinst<\/td>\n<\/tr>\n<tr class=\"row-16\">\n\t<td class=\"column-1\">2010<\/td><td class=\"column-2\">\u00c4ngelholms FF<\/td><td class=\"column-3\">Borta<\/td><td class=\"column-4\">F\u00f6rlust<\/td><td class=\"column-5\">GIF Sundsvall<\/td><td class=\"column-6\">Hemma<\/td><td class=\"column-7\">Vinst<\/td>\n<\/tr>\n<tr class=\"row-17\">\n\t<td class=\"column-1\">2009<\/td><td class=\"column-2\">Elfsborg<\/td><td class=\"column-3\">Borta<\/td><td class=\"column-4\">Oavgjort<\/td><td class=\"column-5\">Gefle IF<\/td><td class=\"column-6\">Hemma<\/td><td class=\"column-7\">F\u00f6rlust<\/td>\n<\/tr>\n<tr class=\"row-18\">\n\t<td class=\"column-1\">2008<\/td><td class=\"column-2\">Ljungskile SK<\/td><td class=\"column-3\">Borta<\/td><td class=\"column-4\">Vinst<\/td><td class=\"column-5\">GIF Sundsvall<\/td><td class=\"column-6\">Hemma<\/td><td class=\"column-7\">Vinst<\/td>\n<\/tr>\n<tr class=\"row-19\">\n\t<td class=\"column-1\">2007<\/td><td class=\"column-2\">GAIS<\/td><td class=\"column-3\">Borta<\/td><td class=\"column-4\">Oavgjort<\/td><td class=\"column-5\">Trelleborgs FF<\/td><td class=\"column-6\">Hemma<\/td><td class=\"column-7\">Vinst<\/td>\n<\/tr>\n<tr class=\"row-20\">\n\t<td class=\"column-1\">2006<\/td><td class=\"column-2\">Helsingborgs IF<\/td><td class=\"column-3\">Hemma<\/td><td class=\"column-4\">Vinst<\/td><td class=\"column-5\">Djurg\u00e5rden<\/td><td class=\"column-6\">Borta<\/td><td class=\"column-7\">Oavgjort<\/td>\n<\/tr>\n<tr class=\"row-21\">\n\t<td class=\"column-1\">2005<\/td><td class=\"column-2\">Assyriska FF<\/td><td class=\"column-3\">Borta<\/td><td class=\"column-4\">Vinst<\/td><td class=\"column-5\">Kalmar<\/td><td class=\"column-6\">Hemma<\/td><td class=\"column-7\">Oavgjort<\/td>\n<\/tr>\n<tr class=\"row-22\">\n\t<td class=\"column-1\">2004<\/td><td class=\"column-2\">Malm\u00f6 FF<\/td><td class=\"column-3\">Hemma<\/td><td class=\"column-4\">Oavgjort<\/td><td class=\"column-5\">\u00d6rgryte IS<\/td><td class=\"column-6\">Borta<\/td><td class=\"column-7\">Oavgjort<\/td>\n<\/tr>\n<tr class=\"row-23\">\n\t<td class=\"column-1\">2003<\/td><td class=\"column-2\">Elfsborg<\/td><td class=\"column-3\">Hemma<\/td><td class=\"column-4\">Vinst<\/td><td class=\"column-5\">\u00d6rebro SK<\/td><td class=\"column-6\">Borta<\/td><td class=\"column-7\">Vinst<\/td>\n<\/tr>\n<tr class=\"row-24\">\n\t<td class=\"column-1\">2002<\/td><td class=\"column-2\">\u00d6rgryte IS<\/td><td class=\"column-3\">Hemma<\/td><td class=\"column-4\">F\u00f6rlust<\/td><td class=\"column-5\">Helsingborgs IF<\/td><td class=\"column-6\">Borta<\/td><td class=\"column-7\">F\u00f6rlust<\/td>\n<\/tr>\n<tr class=\"row-25\">\n\t<td class=\"column-1\">2001<\/td><td class=\"column-2\">GIF Sundsvall<\/td><td class=\"column-3\">Hemma<\/td><td class=\"column-4\">Vinst<\/td><td class=\"column-5\">\u00d6rgryte IS<\/td><td class=\"column-6\">Borta<\/td><td class=\"column-7\">Oavgjort<\/td>\n<\/tr>\n<tr class=\"row-26\">\n\t<td class=\"column-1\">2000<\/td><td class=\"column-2\">GIF Sundsvall<\/td><td class=\"column-3\">Hemma<\/td><td class=\"column-4\">F\u00f6rlust<\/td><td class=\"column-5\">Helsingborgs IF<\/td><td class=\"column-6\">Borta<\/td><td class=\"column-7\">Oavgjort<\/td>\n<\/tr>\n<tr class=\"row-27\">\n\t<td class=\"column-1\">1999<\/td><td class=\"column-2\">Trelleborgs FF<\/td><td class=\"column-3\">Borta<\/td><td class=\"column-4\">Oavgjort<\/td><td class=\"column-5\">Helsingborgs IF<\/td><td class=\"column-6\">Hemma<\/td><td class=\"column-7\">Vinst<\/td>\n<\/tr>\n<tr class=\"row-28\">\n\t<td class=\"column-1\">1998<\/td><td class=\"column-2\">\u00d6rebro SK<\/td><td class=\"column-3\">Hemma<\/td><td class=\"column-4\">Vinst<\/td><td class=\"column-5\">Malm\u00f6 FF<\/td><td class=\"column-6\">Borta <\/td><td class=\"column-7\">Oavgjort<\/td>\n<\/tr>\n<tr class=\"row-29\">\n\t<td class=\"column-1\">1997<\/td><td class=\"column-2\">Lira Lule\u00e5<\/td><td class=\"column-3\">Hemma<\/td><td class=\"column-4\">Vinst<\/td><td class=\"column-5\">Ume\u00e5 FC<\/td><td class=\"column-6\">Borta<\/td><td class=\"column-7\">F\u00f6rlust<\/td>\n<\/tr>\n<tr class=\"row-30\">\n\t<td class=\"column-1\">1996<\/td><td class=\"column-2\">Hertz\u00f6ga<\/td><td class=\"column-3\">Borta<\/td><td class=\"column-4\">Vinst<\/td><td class=\"column-5\">Brommapojkarna<\/td><td class=\"column-6\">Hemma<\/td><td class=\"column-7\">Vinst<\/td>\n<\/tr>\n<tr class=\"row-31\">\n\t<td class=\"column-1\">1995<\/td><td class=\"column-2\">V\u00e4stra Fr\u00f6lunda<\/td><td class=\"column-3\">Hemma<\/td><td class=\"column-4\">Vinst<\/td><td class=\"column-5\">\u00d6rebro SK<\/td><td class=\"column-6\">Borta <\/td><td class=\"column-7\">F\u00f6rlust<\/td>\n<\/tr>\n<tr class=\"row-32\">\n\t<td class=\"column-1\">1994<\/td><td class=\"column-2\">BK H\u00e4cken<\/td><td class=\"column-3\">Hemma<\/td><td class=\"column-4\">Oavgjort<\/td><td class=\"column-5\">Trelleborgs FF<\/td><td class=\"column-6\">Borta<\/td><td class=\"column-7\">Oavgjort<\/td>\n<\/tr>\n<tr class=\"row-33\">\n\t<td class=\"column-1\">1993<\/td><td class=\"column-2\">Ope IF<\/td><td class=\"column-3\">Borta<\/td><td class=\"column-4\">F\u00f6rlust<\/td><td class=\"column-5\">Vasalund<\/td><td class=\"column-6\">Hemma<\/td><td class=\"column-7\">Vinst<\/td>\n<\/tr>\n<tr class=\"row-34\">\n\t<td class=\"column-1\">1992<\/td><td class=\"column-2\">IFK Sundsvall<\/td><td class=\"column-3\">Borta<\/td><td class=\"column-4\">F\u00f6rlust<\/td><td class=\"column-5\">Sp\u00e5nga IS<\/td><td class=\"column-6\">Hemma<\/td><td class=\"column-7\">Oavgjort<\/td>\n<\/tr>\n<tr class=\"row-35\">\n\t<td class=\"column-1\">1991<\/td><td class=\"column-2\">Sp\u00e5rv\u00e4gens FF<\/td><td class=\"column-3\">Borta<\/td><td class=\"column-4\">Vinst<\/td><td class=\"column-5\">BK Forward<\/td><td class=\"column-6\">Hemma<\/td><td class=\"column-7\">Vinst<\/td>\n<\/tr>\n<tr class=\"row-36\">\n\t<td class=\"column-1\">1990<\/td><td class=\"column-2\">Halmstads BK<\/td><td class=\"column-3\">Hemma<\/td><td class=\"column-4\">F\u00f6rlust<\/td><td class=\"column-5\">\u00d6sters IF<\/td><td class=\"column-6\">Borta<\/td><td class=\"column-7\">F\u00f6rlust<\/td>\n<\/tr>\n<tr class=\"row-37\">\n\t<td class=\"column-1\">1989<\/td><td class=\"column-2\">Vasalund<\/td><td class=\"column-3\">Hemma<\/td><td class=\"column-4\">Oavgjort<\/td><td class=\"column-5\">Kiruna FF<\/td><td class=\"column-6\">Borta<\/td><td class=\"column-7\">F\u00f6rlust<\/td>\n<\/tr>\n<tr class=\"row-38\">\n\t<td class=\"column-1\">1988<\/td><td class=\"column-2\">GAIS<\/td><td class=\"column-3\">Borta<\/td><td class=\"column-4\">F\u00f6rlust<\/td><td class=\"column-5\">Malm\u00f6 FF<\/td><td class=\"column-6\">Hemma<\/td><td class=\"column-7\">Vinst<\/td>\n<\/tr>\n<tr class=\"row-39\">\n\t<td class=\"column-1\">1987<\/td><td class=\"column-2\">\u00d6rgryte IS<\/td><td class=\"column-3\">Borta<\/td><td class=\"column-4\">Oavgjort<\/td><td class=\"column-5\">Malm\u00f6 FF<\/td><td class=\"column-6\">Borta<\/td><td class=\"column-7\">Oavgjort<\/td>\n<\/tr>\n<tr class=\"row-40\">\n\t<td class=\"column-1\">1986<\/td><td class=\"column-2\">IFK G\u00f6teborg<\/td><td class=\"column-3\">Borta<\/td><td class=\"column-4\">F\u00f6rlust<\/td><td class=\"column-5\">\u00d6sters IF<\/td><td class=\"column-6\">Hemma<\/td><td class=\"column-7\">Oavgjort<\/td>\n<\/tr>\n<tr class=\"row-41\">\n\t<td class=\"column-1\">1985<\/td><td class=\"column-2\">Trelleborgs FF<\/td><td class=\"column-3\">Hemma<\/td><td class=\"column-4\">Vinst<\/td><td class=\"column-5\">IFK G\u00f6teborg<\/td><td class=\"column-6\">Borta<\/td><td class=\"column-7\">F\u00f6rlust<\/td>\n<\/tr>\n<tr class=\"row-42\">\n\t<td class=\"column-1\">1984<\/td><td class=\"column-2\">IK Brage<\/td><td class=\"column-3\">Borta<\/td><td class=\"column-4\">Oavgjort<\/td><td class=\"column-5\">Malm\u00f6 FF<\/td><td class=\"column-6\">Hemma<\/td><td class=\"column-7\">Vinst<\/td>\n<\/tr>\n<tr class=\"row-43\">\n\t<td class=\"column-1\">1983<\/td><td class=\"column-2\">Halmstads BK<\/td><td class=\"column-3\">Hemma<\/td><td class=\"column-4\">Vinst<\/td><td class=\"column-5\">Mj\u00e4llby AIF<\/td><td class=\"column-6\">Borta<\/td><td class=\"column-7\">F\u00f6rlust<\/td>\n<\/tr>\n<tr class=\"row-44\">\n\t<td class=\"column-1\">1982<\/td><td class=\"column-2\">IFK Norrk\u00f6ping<\/td><td class=\"column-3\">Borta<\/td><td class=\"column-4\">Oavgjort<\/td><td class=\"column-5\">\u00d6rgryte IS<\/td><td class=\"column-6\">Hemma<\/td><td class=\"column-7\">Vinst<\/td>\n<\/tr>\n<tr class=\"row-45\">\n\t<td class=\"column-1\">1981<\/td><td class=\"column-2\">\u00d6sters IF<\/td><td class=\"column-3\">Hemma<\/td><td class=\"column-4\">F\u00f6rlust<\/td><td class=\"column-5\">Elfsborg<\/td><td class=\"column-6\">Borta<\/td><td class=\"column-7\">F\u00f6rlust<\/td>\n<\/tr>\n<tr class=\"row-46\">\n\t<td class=\"column-1\">1980<\/td><td class=\"column-2\">IFK Norrk\u00f6ping<\/td><td class=\"column-3\">Hemma<\/td><td class=\"column-4\">Oavgjort<\/td><td class=\"column-5\">\u00c5tvidabergs FF<\/td><td class=\"column-6\">Bortra<\/td><td class=\"column-7\">Oavgjort<\/td>\n<\/tr>\n<tr class=\"row-47\">\n\t<td class=\"column-1\">1979<\/td><td class=\"column-2\">Malm\u00f6 FF<\/td><td class=\"column-3\">Borta<\/td><td class=\"column-4\">F\u00f6rlust<\/td><td class=\"column-5\">IS Halmia<\/td><td class=\"column-6\">Hemma<\/td><td class=\"column-7\">F\u00f6rlust<\/td>\n<\/tr>\n<tr class=\"row-48\">\n\t<td class=\"column-1\">1978<\/td><td class=\"column-2\">Kalmar FF<\/td><td class=\"column-3\">Hemma<\/td><td class=\"column-4\">F\u00f6rlust<\/td><td class=\"column-5\">V\u00e4ster\u00e5s SK<\/td><td class=\"column-6\">Borta<\/td><td class=\"column-7\">Oavgjort<\/td>\n<\/tr>\n<tr class=\"row-49\">\n\t<td class=\"column-1\">1977<\/td><td class=\"column-2\">Kalmar FF<\/td><td class=\"column-3\">Hemma<\/td><td class=\"column-4\">F\u00f6rlust<\/td><td class=\"column-5\">BK Derby<\/td><td class=\"column-6\">Borta<\/td><td class=\"column-7\">Oavgjort<\/td>\n<\/tr>\n<tr class=\"row-50\">\n\t<td class=\"column-1\">1976<\/td><td class=\"column-2\">Elfsborg<\/td><td class=\"column-3\">Hemma<\/td><td class=\"column-4\">Oavgjort<\/td><td class=\"column-5\">\u00c5tvidabergs FF<\/td><td class=\"column-6\">Borta<\/td><td class=\"column-7\">Vinst<\/td>\n<\/tr>\n<tr class=\"row-51\">\n\t<td class=\"column-1\">1975<\/td><td class=\"column-2\">\u00d6sters IF<\/td><td class=\"column-3\">Hemma<\/td><td class=\"column-4\">F\u00f6rlust<\/td><td class=\"column-5\">\u00d6rgryte IS<\/td><td class=\"column-6\">Borta<\/td><td class=\"column-7\">Vinst<\/td>\n<\/tr>\n<tr class=\"row-52\">\n\t<td class=\"column-1\">1974<\/td><td class=\"column-2\">Malm\u00f6 FF<\/td><td class=\"column-3\">Borta<\/td><td class=\"column-4\">F\u00f6rlust<\/td><td class=\"column-5\">Elfsborg<\/td><td class=\"column-6\">Hemma<\/td><td class=\"column-7\">Vinst<\/td>\n<\/tr>\n<tr class=\"row-53\">\n\t<td class=\"column-1\">1973<\/td><td class=\"column-2\">Landskrona BOIS<\/td><td class=\"column-3\">Hemma<\/td><td class=\"column-4\">F\u00f6rlust<\/td><td class=\"column-5\">IFK Norrk\u00f6ping<\/td><td class=\"column-6\">Borta<\/td><td class=\"column-7\">Oavgjort<\/td>\n<\/tr>\n<tr class=\"row-54\">\n\t<td class=\"column-1\">1972<\/td><td class=\"column-2\">\u00d6rebro SK<\/td><td class=\"column-3\">Borta<\/td><td class=\"column-4\">Vinst<\/td><td class=\"column-5\">\u00d6sters IF<\/td><td class=\"column-6\">Hemma<\/td><td class=\"column-7\">Oavgjort<\/td>\n<\/tr>\n<tr class=\"row-55\">\n\t<td class=\"column-1\">1971<\/td><td class=\"column-2\">\u00d6sters IF<\/td><td class=\"column-3\">Borta<\/td><td class=\"column-4\">Oavgjort<\/td><td class=\"column-5\">Malm\u00f6 FF<\/td><td class=\"column-6\">Hemma<\/td><td class=\"column-7\">Oavgjort<\/td>\n<\/tr>\n<tr class=\"row-56\">\n\t<td class=\"column-1\">1970<\/td><td class=\"column-2\">AIK Solna<\/td><td class=\"column-3\">Borta<\/td><td class=\"column-4\">Oavgjort<\/td><td class=\"column-5\">\u00d6rgryte IS<\/td><td class=\"column-6\">Hemma<\/td><td class=\"column-7\">Oavgjort<\/td>\n<\/tr>\n<\/tbody>\n<\/table>\n<\/p>\n<p>&nbsp;<\/p>\n","protected":false},"excerpt":{"rendered":"<p>Statistik hemmapremi\u00e4rer: Statistik bortapremi\u00e4rer: Alla premi\u00e4rer hemma och borta per \u00e5r &nbsp;<\/p>\n","protected":false},"author":1,"featured_media":0,"parent":0,"menu_order":0,"comment_status":"closed","ping_status":"closed","template":"","meta":{"footnotes":""},"class_list":["post-5853","page","type-page","status-publish","hentry"],"yoast_head":"<!-- This site is optimized with the Yoast SEO plugin v27.6 - https:\/\/yoast.com\/product\/yoast-seo-wordpress\/ -->\n<title>Premi\u00e4rer - Bajenstatistik<\/title>\n<meta name=\"robots\" content=\"index, follow, max-snippet:-1, max-image-preview:large, max-video-preview:-1\" \/>\n<link rel=\"canonical\" href=\"https:\/\/bajenstatistik.se\/se\/premiarer\/\" \/>\n<meta property=\"og:locale\" content=\"sv_SE\" \/>\n<meta property=\"og:type\" content=\"article\" \/>\n<meta property=\"og:title\" content=\"Premi\u00e4rer - Bajenstatistik\" \/>\n<meta property=\"og:description\" content=\"Statistik hemmapremi\u00e4rer: Statistik bortapremi\u00e4rer: Alla premi\u00e4rer hemma och borta per \u00e5r &nbsp;\" \/>\n<meta property=\"og:url\" content=\"https:\/\/bajenstatistik.se\/se\/premiarer\/\" \/>\n<meta property=\"og:site_name\" content=\"Bajenstatistik\" \/>\n<meta property=\"article:modified_time\" content=\"2023-12-08T11:50:20+00:00\" \/>\n<meta name=\"twitter:card\" content=\"summary_large_image\" \/>\n<meta name=\"twitter:site\" content=\"@bajenstatistik\" \/>\n<script type=\"application\/ld+json\" class=\"yoast-schema-graph\">{\"@context\":\"https:\\\/\\\/schema.org\",\"@graph\":[{\"@type\":\"WebPage\",\"@id\":\"https:\\\/\\\/bajenstatistik.se\\\/se\\\/premiarer\\\/\",\"url\":\"https:\\\/\\\/bajenstatistik.se\\\/se\\\/premiarer\\\/\",\"name\":\"Premi\u00e4rer - Bajenstatistik\",\"isPartOf\":{\"@id\":\"https:\\\/\\\/bajenstatistik.se\\\/se\\\/#website\"},\"datePublished\":\"2023-12-08T11:45:54+00:00\",\"dateModified\":\"2023-12-08T11:50:20+00:00\",\"breadcrumb\":{\"@id\":\"https:\\\/\\\/bajenstatistik.se\\\/se\\\/premiarer\\\/#breadcrumb\"},\"inLanguage\":\"sv-SE\",\"potentialAction\":[{\"@type\":\"ReadAction\",\"target\":[\"https:\\\/\\\/bajenstatistik.se\\\/se\\\/premiarer\\\/\"]}]},{\"@type\":\"BreadcrumbList\",\"@id\":\"https:\\\/\\\/bajenstatistik.se\\\/se\\\/premiarer\\\/#breadcrumb\",\"itemListElement\":[{\"@type\":\"ListItem\",\"position\":1,\"name\":\"Hem\",\"item\":\"https:\\\/\\\/bajenstatistik.se\\\/se\\\/\"},{\"@type\":\"ListItem\",\"position\":2,\"name\":\"Premi\u00e4rer\"}]},{\"@type\":\"WebSite\",\"@id\":\"https:\\\/\\\/bajenstatistik.se\\\/se\\\/#website\",\"url\":\"https:\\\/\\\/bajenstatistik.se\\\/se\\\/\",\"name\":\"Bajenstatistik\",\"description\":\"Statistik om Hammarby\",\"potentialAction\":[{\"@type\":\"SearchAction\",\"target\":{\"@type\":\"EntryPoint\",\"urlTemplate\":\"https:\\\/\\\/bajenstatistik.se\\\/se\\\/?s={search_term_string}\"},\"query-input\":{\"@type\":\"PropertyValueSpecification\",\"valueRequired\":true,\"valueName\":\"search_term_string\"}}],\"inLanguage\":\"sv-SE\"}]}<\/script>\n<!-- \/ Yoast SEO plugin. -->","yoast_head_json":{"title":"Premi\u00e4rer - Bajenstatistik","robots":{"index":"index","follow":"follow","max-snippet":"max-snippet:-1","max-image-preview":"max-image-preview:large","max-video-preview":"max-video-preview:-1"},"canonical":"https:\/\/bajenstatistik.se\/se\/premiarer\/","og_locale":"sv_SE","og_type":"article","og_title":"Premi\u00e4rer - Bajenstatistik","og_description":"Statistik hemmapremi\u00e4rer: Statistik bortapremi\u00e4rer: Alla premi\u00e4rer hemma och borta per \u00e5r &nbsp;","og_url":"https:\/\/bajenstatistik.se\/se\/premiarer\/","og_site_name":"Bajenstatistik","article_modified_time":"2023-12-08T11:50:20+00:00","twitter_card":"summary_large_image","twitter_site":"@bajenstatistik","schema":{"@context":"https:\/\/schema.org","@graph":[{"@type":"WebPage","@id":"https:\/\/bajenstatistik.se\/se\/premiarer\/","url":"https:\/\/bajenstatistik.se\/se\/premiarer\/","name":"Premi\u00e4rer - Bajenstatistik","isPartOf":{"@id":"https:\/\/bajenstatistik.se\/se\/#website"},"datePublished":"2023-12-08T11:45:54+00:00","dateModified":"2023-12-08T11:50:20+00:00","breadcrumb":{"@id":"https:\/\/bajenstatistik.se\/se\/premiarer\/#breadcrumb"},"inLanguage":"sv-SE","potentialAction":[{"@type":"ReadAction","target":["https:\/\/bajenstatistik.se\/se\/premiarer\/"]}]},{"@type":"BreadcrumbList","@id":"https:\/\/bajenstatistik.se\/se\/premiarer\/#breadcrumb","itemListElement":[{"@type":"ListItem","position":1,"name":"Hem","item":"https:\/\/bajenstatistik.se\/se\/"},{"@type":"ListItem","position":2,"name":"Premi\u00e4rer"}]},{"@type":"WebSite","@id":"https:\/\/bajenstatistik.se\/se\/#website","url":"https:\/\/bajenstatistik.se\/se\/","name":"Bajenstatistik","description":"Statistik om Hammarby","potentialAction":[{"@type":"SearchAction","target":{"@type":"EntryPoint","urlTemplate":"https:\/\/bajenstatistik.se\/se\/?s={search_term_string}"},"query-input":{"@type":"PropertyValueSpecification","valueRequired":true,"valueName":"search_term_string"}}],"inLanguage":"sv-SE"}]}},"_links":{"self":[{"href":"https:\/\/bajenstatistik.se\/se\/wp-json\/wp\/v2\/pages\/5853","targetHints":{"allow":["GET"]}}],"collection":[{"href":"https:\/\/bajenstatistik.se\/se\/wp-json\/wp\/v2\/pages"}],"about":[{"href":"https:\/\/bajenstatistik.se\/se\/wp-json\/wp\/v2\/types\/page"}],"author":[{"embeddable":true,"href":"https:\/\/bajenstatistik.se\/se\/wp-json\/wp\/v2\/users\/1"}],"replies":[{"embeddable":true,"href":"https:\/\/bajenstatistik.se\/se\/wp-json\/wp\/v2\/comments?post=5853"}],"version-history":[{"count":5,"href":"https:\/\/bajenstatistik.se\/se\/wp-json\/wp\/v2\/pages\/5853\/revisions"}],"predecessor-version":[{"id":5861,"href":"https:\/\/bajenstatistik.se\/se\/wp-json\/wp\/v2\/pages\/5853\/revisions\/5861"}],"wp:attachment":[{"href":"https:\/\/bajenstatistik.se\/se\/wp-json\/wp\/v2\/media?parent=5853"}],"curies":[{"name":"wp","href":"https:\/\/api.w.org\/{rel}","templated":true}]}}