{"id":3209,"date":"2023-12-01T11:48:13","date_gmt":"2023-12-01T10:48:13","guid":{"rendered":"https:\/\/bajenstatistik.se\/se\/?page_id=3209"},"modified":"2023-12-01T11:48:13","modified_gmt":"2023-12-01T10:48:13","slug":"maratontabellen","status":"publish","type":"page","link":"https:\/\/bajenstatistik.se\/se\/maratontabellen\/","title":{"rendered":"Maratontabellen"},"content":{"rendered":"\n<table id=\"tablepress-17\" class=\"tablepress tablepress-id-17\">\n<thead>\n<tr class=\"row-1\">\n\t<th class=\"column-1\">Placering<\/th><th class=\"column-2\">Lag<\/th><th class=\"column-3\">S\u00e4songer<\/th><th class=\"column-4\">M\u00e5lskillnad<\/th><th class=\"column-5\">Po\u00e4ng<\/th>\n<\/tr>\n<\/thead>\n<tbody class=\"row-striping row-hover\">\n<tr class=\"row-2\">\n\t<td class=\"column-1\">1<\/td><td class=\"column-2\">Malm\u00f6 FF<\/td><td class=\"column-3\">88<\/td><td class=\"column-4\">1389<\/td><td class=\"column-5\">3806<\/td>\n<\/tr>\n<tr class=\"row-3\">\n\t<td class=\"column-1\">2<\/td><td class=\"column-2\">IFK G\u00f6teborg<\/td><td class=\"column-3\">91<\/td><td class=\"column-4\">1075<\/td><td class=\"column-5\">3632<\/td>\n<\/tr>\n<tr class=\"row-4\">\n\t<td class=\"column-1\">3<\/td><td class=\"column-2\">AIK<\/td><td class=\"column-3\">95<\/td><td class=\"column-4\">748<\/td><td class=\"column-5\">3603<\/td>\n<\/tr>\n<tr class=\"row-5\">\n\t<td class=\"column-1\">4<\/td><td class=\"column-2\">IFK Norrk\u00f6ping<\/td><td class=\"column-3\">83<\/td><td class=\"column-4\">674<\/td><td class=\"column-5\">3130<\/td>\n<\/tr>\n<tr class=\"row-6\">\n\t<td class=\"column-1\">5<\/td><td class=\"column-2\">IF Elfsborg<\/td><td class=\"column-3\">80<\/td><td class=\"column-4\">338<\/td><td class=\"column-5\">2922<\/td>\n<\/tr>\n<tr class=\"row-7\">\n\t<td class=\"column-1\">6<\/td><td class=\"column-2\">Djurg\u00e5rdens IF<\/td><td class=\"column-3\">68<\/td><td class=\"column-4\">375<\/td><td class=\"column-5\">2567<\/td>\n<\/tr>\n<tr class=\"row-8\">\n\t<td class=\"column-1\">7<\/td><td class=\"column-2\">Helsingborgs IF<\/td><td class=\"column-3\">69<\/td><td class=\"column-4\">438<\/td><td class=\"column-5\">2542<\/td>\n<\/tr>\n<tr class=\"row-9\">\n\t<td class=\"column-1\">8<\/td><td class=\"column-2\">Hammarby IF<\/td><td class=\"column-3\">55<\/td><td class=\"column-4\">-126<\/td><td class=\"column-5\">1821<\/td>\n<\/tr>\n<tr class=\"row-10\">\n\t<td class=\"column-1\">9<\/td><td class=\"column-2\">Halmstads BK<\/td><td class=\"column-3\">56<\/td><td class=\"column-4\">-198<\/td><td class=\"column-5\">1815<\/td>\n<\/tr>\n<tr class=\"row-11\">\n\t<td class=\"column-1\">10<\/td><td class=\"column-2\">\u00d6rgryte IS<\/td><td class=\"column-3\">56<\/td><td class=\"column-4\">105<\/td><td class=\"column-5\">1782<\/td>\n<\/tr>\n<tr class=\"row-12\">\n\t<td class=\"column-1\">11<\/td><td class=\"column-2\">\u00d6rebro SK<\/td><td class=\"column-3\">53<\/td><td class=\"column-4\">-195<\/td><td class=\"column-5\">1750<\/td>\n<\/tr>\n<tr class=\"row-13\">\n\t<td class=\"column-1\">12<\/td><td class=\"column-2\">GAIS<\/td><td class=\"column-3\">54<\/td><td class=\"column-4\">-60<\/td><td class=\"column-5\">1686<\/td>\n<\/tr>\n<tr class=\"row-14\">\n\t<td class=\"column-1\">13<\/td><td class=\"column-2\">Kalmar FF<\/td><td class=\"column-3\">36<\/td><td class=\"column-4\">-108<\/td><td class=\"column-5\">1300<\/td>\n<\/tr>\n<tr class=\"row-15\">\n\t<td class=\"column-1\">14<\/td><td class=\"column-2\">\u00d6sters IF<\/td><td class=\"column-3\">33<\/td><td class=\"column-4\">152<\/td><td class=\"column-5\">1116<\/td>\n<\/tr>\n<tr class=\"row-16\">\n\t<td class=\"column-1\">15<\/td><td class=\"column-2\">Landskrona BoIS<\/td><td class=\"column-3\">34<\/td><td class=\"column-4\">-294<\/td><td class=\"column-5\">977<\/td>\n<\/tr>\n<tr class=\"row-17\">\n\t<td class=\"column-1\">16<\/td><td class=\"column-2\">Degerfors IF<\/td><td class=\"column-3\">32<\/td><td class=\"column-4\">-146<\/td><td class=\"column-5\">949<\/td>\n<\/tr>\n<tr class=\"row-18\">\n\t<td class=\"column-1\">17<\/td><td class=\"column-2\">BK H\u00e4cken<\/td><td class=\"column-3\">23<\/td><td class=\"column-4\">109<\/td><td class=\"column-5\">921<\/td>\n<\/tr>\n<tr class=\"row-19\">\n\t<td class=\"column-1\">18<\/td><td class=\"column-2\">\u00c5tvidabergs FF<\/td><td class=\"column-3\">20<\/td><td class=\"column-4\">-53<\/td><td class=\"column-5\">649<\/td>\n<\/tr>\n<tr class=\"row-20\">\n\t<td class=\"column-1\">19<\/td><td class=\"column-2\">Sandvikens IF<\/td><td class=\"column-3\">21<\/td><td class=\"column-4\">-173<\/td><td class=\"column-5\">576<\/td>\n<\/tr>\n<tr class=\"row-21\">\n\t<td class=\"column-1\">20<\/td><td class=\"column-2\">Trelleborgs FF<\/td><td class=\"column-3\">18<\/td><td class=\"column-4\">-214<\/td><td class=\"column-5\">523<\/td>\n<\/tr>\n<tr class=\"row-22\">\n\t<td class=\"column-1\">21<\/td><td class=\"column-2\">GIF Sundsvall<\/td><td class=\"column-3\">20<\/td><td class=\"column-4\">-334<\/td><td class=\"column-5\">495<\/td>\n<\/tr>\n<tr class=\"row-23\">\n\t<td class=\"column-1\">22<\/td><td class=\"column-2\">IK Brage<\/td><td class=\"column-3\">18<\/td><td class=\"column-4\">-162<\/td><td class=\"column-5\">487<\/td>\n<\/tr>\n<tr class=\"row-24\">\n\t<td class=\"column-1\">23<\/td><td class=\"column-2\">IK Sleipner<\/td><td class=\"column-3\">16<\/td><td class=\"column-4\">-36<\/td><td class=\"column-5\">472<\/td>\n<\/tr>\n<tr class=\"row-25\">\n\t<td class=\"column-1\">24<\/td><td class=\"column-2\">Gefle IF<\/td><td class=\"column-3\">16<\/td><td class=\"column-4\">-222<\/td><td class=\"column-5\">467<\/td>\n<\/tr>\n<tr class=\"row-26\">\n\t<td class=\"column-1\">25<\/td><td class=\"column-2\">Mj\u00e4llby AIF<\/td><td class=\"column-3\">12<\/td><td class=\"column-4\">-90<\/td><td class=\"column-5\">400<\/td>\n<\/tr>\n<tr class=\"row-27\">\n\t<td class=\"column-1\">26<\/td><td class=\"column-2\">IFK Malm\u00f6<\/td><td class=\"column-3\">13<\/td><td class=\"column-4\">-191<\/td><td class=\"column-5\">333<\/td>\n<\/tr>\n<tr class=\"row-28\">\n\t<td class=\"column-1\">27<\/td><td class=\"column-2\">IFK Eskilstuna<\/td><td class=\"column-3\">14<\/td><td class=\"column-4\">-290<\/td><td class=\"column-5\">317<\/td>\n<\/tr>\n<tr class=\"row-29\">\n\t<td class=\"column-1\">28<\/td><td class=\"column-2\">IK Sirius<\/td><td class=\"column-3\">10<\/td><td class=\"column-4\">-142<\/td><td class=\"column-5\">315<\/td>\n<\/tr>\n<tr class=\"row-30\">\n\t<td class=\"column-1\">29<\/td><td class=\"column-2\">J\u00f6nk\u00f6pings S\u00f6dra IF<\/td><td class=\"column-3\">12<\/td><td class=\"column-4\">-176<\/td><td class=\"column-5\">314<\/td>\n<\/tr>\n<tr class=\"row-31\">\n\t<td class=\"column-1\">30<\/td><td class=\"column-2\">V\u00e4stra Fr\u00f6lunda IF<\/td><td class=\"column-3\">10<\/td><td class=\"column-4\">-129<\/td><td class=\"column-5\">257<\/td>\n<\/tr>\n<tr class=\"row-32\">\n\t<td class=\"column-1\">31<\/td><td class=\"column-2\">IS Halmia<\/td><td class=\"column-3\">11<\/td><td class=\"column-4\">-188<\/td><td class=\"column-5\">231<\/td>\n<\/tr>\n<tr class=\"row-33\">\n\t<td class=\"column-1\">32<\/td><td class=\"column-2\">\u00d6stersunds FK<\/td><td class=\"column-3\">6<\/td><td class=\"column-4\">-53<\/td><td class=\"column-5\">213<\/td>\n<\/tr>\n<tr class=\"row-34\">\n\t<td class=\"column-1\">33<\/td><td class=\"column-2\">G\u00e5rda BK<\/td><td class=\"column-3\">8<\/td><td class=\"column-4\">-91<\/td><td class=\"column-5\">211<\/td>\n<\/tr>\n<tr class=\"row-35\">\n\t<td class=\"column-1\">34<\/td><td class=\"column-2\">IF Brommapojkarna<\/td><td class=\"column-3\">7<\/td><td class=\"column-4\">-178<\/td><td class=\"column-5\">185<\/td>\n<\/tr>\n<tr class=\"row-36\">\n\t<td class=\"column-1\">35<\/td><td class=\"column-2\">IFK Sundsvall<\/td><td class=\"column-3\">5<\/td><td class=\"column-4\">-75<\/td><td class=\"column-5\">145<\/td>\n<\/tr>\n<tr class=\"row-37\">\n\t<td class=\"column-1\">36<\/td><td class=\"column-2\">Varbergs BoIS<\/td><td class=\"column-3\">4<\/td><td class=\"column-4\">-69<\/td><td class=\"column-5\">120<\/td>\n<\/tr>\n<tr class=\"row-38\">\n\t<td class=\"column-1\">37<\/td><td class=\"column-2\">Falkenbergs FF<\/td><td class=\"column-3\">5<\/td><td class=\"column-4\">-147<\/td><td class=\"column-5\">117<\/td>\n<\/tr>\n<tr class=\"row-39\">\n\t<td class=\"column-1\">38<\/td><td class=\"column-2\">V\u00e4ster\u00e5s SK<\/td><td class=\"column-3\">4<\/td><td class=\"column-4\">-116<\/td><td class=\"column-5\">86<\/td>\n<\/tr>\n<tr class=\"row-40\">\n\t<td class=\"column-1\">39<\/td><td class=\"column-2\">IFK V\u00e4rnamo<\/td><td class=\"column-3\">2<\/td><td class=\"column-4\">-10<\/td><td class=\"column-5\">82<\/td>\n<\/tr>\n<tr class=\"row-41\">\n\t<td class=\"column-1\">40<\/td><td class=\"column-2\">Syrianska FC<\/td><td class=\"column-3\">3<\/td><td class=\"column-4\">-65<\/td><td class=\"column-5\">76<\/td>\n<\/tr>\n<tr class=\"row-42\">\n\t<td class=\"column-1\">41<\/td><td class=\"column-2\">R\u00e5\u00e5 IF<\/td><td class=\"column-3\">2<\/td><td class=\"column-4\">-19<\/td><td class=\"column-5\">56<\/td>\n<\/tr>\n<tr class=\"row-43\">\n\t<td class=\"column-1\">42<\/td><td class=\"column-2\">Ljungskile SK<\/td><td class=\"column-3\">2<\/td><td class=\"column-4\">-55<\/td><td class=\"column-5\">44<\/td>\n<\/tr>\n<tr class=\"row-44\">\n\t<td class=\"column-1\">43<\/td><td class=\"column-2\">Athletic Eskilstuna<\/td><td class=\"column-3\">2<\/td><td class=\"column-4\">-59<\/td><td class=\"column-5\">40<\/td>\n<\/tr>\n<tr class=\"row-45\">\n\t<td class=\"column-1\">44<\/td><td class=\"column-2\">Westermalms IF<\/td><td class=\"column-3\">2<\/td><td class=\"column-4\">-51<\/td><td class=\"column-5\">37<\/td>\n<\/tr>\n<tr class=\"row-46\">\n\t<td class=\"column-1\">45<\/td><td class=\"column-2\">Ume\u00e5 FC<\/td><td class=\"column-3\">1<\/td><td class=\"column-4\">-10<\/td><td class=\"column-5\">30<\/td>\n<\/tr>\n<tr class=\"row-47\">\n\t<td class=\"column-1\">46<\/td><td class=\"column-2\">IFK Uddevalla<\/td><td class=\"column-3\">2<\/td><td class=\"column-4\">-56<\/td><td class=\"column-5\">30<\/td>\n<\/tr>\n<tr class=\"row-48\">\n\t<td class=\"column-1\">47<\/td><td class=\"column-2\">Hallstahammars SK<\/td><td class=\"column-3\">2<\/td><td class=\"column-4\">-58<\/td><td class=\"column-5\">30<\/td>\n<\/tr>\n<tr class=\"row-49\">\n\t<td class=\"column-1\">48<\/td><td class=\"column-2\">Stattena IF<\/td><td class=\"column-3\">2<\/td><td class=\"column-4\">-97<\/td><td class=\"column-5\">28<\/td>\n<\/tr>\n<tr class=\"row-50\">\n\t<td class=\"column-1\">49<\/td><td class=\"column-2\">Motala AIF<\/td><td class=\"column-3\">1<\/td><td class=\"column-4\">-33<\/td><td class=\"column-5\">25<\/td>\n<\/tr>\n<tr class=\"row-51\">\n\t<td class=\"column-1\">50<\/td><td class=\"column-2\">Dalkurd FF<\/td><td class=\"column-3\">1<\/td><td class=\"column-4\">-27<\/td><td class=\"column-5\">24<\/td>\n<\/tr>\n<tr class=\"row-52\">\n\t<td class=\"column-1\">51<\/td><td class=\"column-2\">Redbergslids IK<\/td><td class=\"column-3\">1<\/td><td class=\"column-4\">-25<\/td><td class=\"column-5\">20<\/td>\n<\/tr>\n<tr class=\"row-53\">\n\t<td class=\"column-1\">52<\/td><td class=\"column-2\">Ludvika Ffi<\/td><td class=\"column-3\">1<\/td><td class=\"column-4\">-26<\/td><td class=\"column-5\">20<\/td>\n<\/tr>\n<tr class=\"row-54\">\n\t<td class=\"column-1\">53<\/td><td class=\"column-2\">IK Oddevold<\/td><td class=\"column-3\">1<\/td><td class=\"column-4\">-23<\/td><td class=\"column-5\">19<\/td>\n<\/tr>\n<tr class=\"row-55\">\n\t<td class=\"column-1\">54<\/td><td class=\"column-2\">IFK Lule\u00e5<\/td><td class=\"column-3\">1<\/td><td class=\"column-4\">-24<\/td><td class=\"column-5\">18<\/td>\n<\/tr>\n<tr class=\"row-56\">\n\t<td class=\"column-1\">55<\/td><td class=\"column-2\">IF Saab<\/td><td class=\"column-3\">1<\/td><td class=\"column-4\">-27<\/td><td class=\"column-5\">18<\/td>\n<\/tr>\n<tr class=\"row-57\">\n\t<td class=\"column-1\">56<\/td><td class=\"column-2\">Reymersholms IK<\/td><td class=\"column-3\">1<\/td><td class=\"column-4\">-30<\/td><td class=\"column-5\">16<\/td>\n<\/tr>\n<tr class=\"row-58\">\n\t<td class=\"column-1\">57<\/td><td class=\"column-2\">Norrby IF<\/td><td class=\"column-3\">1<\/td><td class=\"column-4\">-22<\/td><td class=\"column-5\">15<\/td>\n<\/tr>\n<tr class=\"row-59\">\n\t<td class=\"column-1\">58<\/td><td class=\"column-2\">BK Derby<\/td><td class=\"column-3\">1<\/td><td class=\"column-4\">-35<\/td><td class=\"column-5\">15<\/td>\n<\/tr>\n<tr class=\"row-60\">\n\t<td class=\"column-1\">59<\/td><td class=\"column-2\">Assyriska FF<\/td><td class=\"column-3\">1<\/td><td class=\"column-4\">-35<\/td><td class=\"column-5\">14<\/td>\n<\/tr>\n<tr class=\"row-61\">\n\t<td class=\"column-1\">60<\/td><td class=\"column-2\">Bryn\u00e4s IF<\/td><td class=\"column-3\">1<\/td><td class=\"column-4\">-36<\/td><td class=\"column-5\">14<\/td>\n<\/tr>\n<tr class=\"row-62\">\n\t<td class=\"column-1\">61<\/td><td class=\"column-2\">Enk\u00f6pings SK<\/td><td class=\"column-3\">1<\/td><td class=\"column-4\">-37<\/td><td class=\"column-5\">14<\/td>\n<\/tr>\n<tr class=\"row-63\">\n\t<td class=\"column-1\">62<\/td><td class=\"column-2\">H\u00f6gadals IS<\/td><td class=\"column-3\">1<\/td><td class=\"column-4\">-32<\/td><td class=\"column-5\">12<\/td>\n<\/tr>\n<tr class=\"row-64\">\n\t<td class=\"column-1\">63<\/td><td class=\"column-2\">V\u00e4ster\u00e5s IK<\/td><td class=\"column-3\">1<\/td><td class=\"column-4\">-45<\/td><td class=\"column-5\">11<\/td>\n<\/tr>\n<tr class=\"row-65\">\n\t<td class=\"column-1\">64<\/td><td class=\"column-2\">IFK Holmsund<\/td><td class=\"column-3\">1<\/td><td class=\"column-4\">-55<\/td><td class=\"column-5\">10<\/td>\n<\/tr>\n<tr class=\"row-66\">\n\t<td class=\"column-1\">65<\/td><td class=\"column-2\">Sandvikens AIK<\/td><td class=\"column-3\">1<\/td><td class=\"column-4\">-48<\/td><td class=\"column-5\">7<\/td>\n<\/tr>\n<tr class=\"row-67\">\n\t<td class=\"column-1\">66<\/td><td class=\"column-2\">IK City<\/td><td class=\"column-3\">1<\/td><td class=\"column-4\">-51<\/td><td class=\"column-5\">7<\/td>\n<\/tr>\n<tr class=\"row-68\">\n\t<td class=\"column-1\">67<\/td><td class=\"column-2\">Billingsfors IK<\/td><td class=\"column-3\">1<\/td><td class=\"column-4\">-56<\/td><td class=\"column-5\">3<\/td>\n<\/tr>\n<\/tbody>\n<\/table>\n<!-- #tablepress-17 from cache -->\n","protected":false},"excerpt":{"rendered":"","protected":false},"author":1,"featured_media":0,"parent":0,"menu_order":0,"comment_status":"closed","ping_status":"closed","template":"","meta":{"footnotes":""},"class_list":["post-3209","page","type-page","status-publish","hentry"],"yoast_head":"<!-- This site is optimized with the Yoast SEO plugin v27.6 - https:\/\/yoast.com\/product\/yoast-seo-wordpress\/ -->\n<title>Maratontabellen - Bajenstatistik<\/title>\n<meta name=\"robots\" content=\"index, follow, max-snippet:-1, max-image-preview:large, max-video-preview:-1\" \/>\n<link rel=\"canonical\" href=\"https:\/\/bajenstatistik.se\/se\/maratontabellen\/\" \/>\n<meta property=\"og:locale\" content=\"sv_SE\" \/>\n<meta property=\"og:type\" content=\"article\" \/>\n<meta property=\"og:title\" content=\"Maratontabellen - Bajenstatistik\" \/>\n<meta property=\"og:url\" content=\"https:\/\/bajenstatistik.se\/se\/maratontabellen\/\" \/>\n<meta property=\"og:site_name\" content=\"Bajenstatistik\" \/>\n<meta name=\"twitter:card\" content=\"summary_large_image\" \/>\n<meta name=\"twitter:site\" content=\"@bajenstatistik\" \/>\n<script type=\"application\/ld+json\" class=\"yoast-schema-graph\">{\"@context\":\"https:\\\/\\\/schema.org\",\"@graph\":[{\"@type\":\"WebPage\",\"@id\":\"https:\\\/\\\/bajenstatistik.se\\\/se\\\/maratontabellen\\\/\",\"url\":\"https:\\\/\\\/bajenstatistik.se\\\/se\\\/maratontabellen\\\/\",\"name\":\"Maratontabellen - Bajenstatistik\",\"isPartOf\":{\"@id\":\"https:\\\/\\\/bajenstatistik.se\\\/se\\\/#website\"},\"datePublished\":\"2023-12-01T10:48:13+00:00\",\"breadcrumb\":{\"@id\":\"https:\\\/\\\/bajenstatistik.se\\\/se\\\/maratontabellen\\\/#breadcrumb\"},\"inLanguage\":\"sv-SE\",\"potentialAction\":[{\"@type\":\"ReadAction\",\"target\":[\"https:\\\/\\\/bajenstatistik.se\\\/se\\\/maratontabellen\\\/\"]}]},{\"@type\":\"BreadcrumbList\",\"@id\":\"https:\\\/\\\/bajenstatistik.se\\\/se\\\/maratontabellen\\\/#breadcrumb\",\"itemListElement\":[{\"@type\":\"ListItem\",\"position\":1,\"name\":\"Hem\",\"item\":\"https:\\\/\\\/bajenstatistik.se\\\/se\\\/\"},{\"@type\":\"ListItem\",\"position\":2,\"name\":\"Maratontabellen\"}]},{\"@type\":\"WebSite\",\"@id\":\"https:\\\/\\\/bajenstatistik.se\\\/se\\\/#website\",\"url\":\"https:\\\/\\\/bajenstatistik.se\\\/se\\\/\",\"name\":\"Bajenstatistik\",\"description\":\"Statistik om Hammarby\",\"potentialAction\":[{\"@type\":\"SearchAction\",\"target\":{\"@type\":\"EntryPoint\",\"urlTemplate\":\"https:\\\/\\\/bajenstatistik.se\\\/se\\\/?s={search_term_string}\"},\"query-input\":{\"@type\":\"PropertyValueSpecification\",\"valueRequired\":true,\"valueName\":\"search_term_string\"}}],\"inLanguage\":\"sv-SE\"}]}<\/script>\n<!-- \/ Yoast SEO plugin. -->","yoast_head_json":{"title":"Maratontabellen - Bajenstatistik","robots":{"index":"index","follow":"follow","max-snippet":"max-snippet:-1","max-image-preview":"max-image-preview:large","max-video-preview":"max-video-preview:-1"},"canonical":"https:\/\/bajenstatistik.se\/se\/maratontabellen\/","og_locale":"sv_SE","og_type":"article","og_title":"Maratontabellen - Bajenstatistik","og_url":"https:\/\/bajenstatistik.se\/se\/maratontabellen\/","og_site_name":"Bajenstatistik","twitter_card":"summary_large_image","twitter_site":"@bajenstatistik","schema":{"@context":"https:\/\/schema.org","@graph":[{"@type":"WebPage","@id":"https:\/\/bajenstatistik.se\/se\/maratontabellen\/","url":"https:\/\/bajenstatistik.se\/se\/maratontabellen\/","name":"Maratontabellen - Bajenstatistik","isPartOf":{"@id":"https:\/\/bajenstatistik.se\/se\/#website"},"datePublished":"2023-12-01T10:48:13+00:00","breadcrumb":{"@id":"https:\/\/bajenstatistik.se\/se\/maratontabellen\/#breadcrumb"},"inLanguage":"sv-SE","potentialAction":[{"@type":"ReadAction","target":["https:\/\/bajenstatistik.se\/se\/maratontabellen\/"]}]},{"@type":"BreadcrumbList","@id":"https:\/\/bajenstatistik.se\/se\/maratontabellen\/#breadcrumb","itemListElement":[{"@type":"ListItem","position":1,"name":"Hem","item":"https:\/\/bajenstatistik.se\/se\/"},{"@type":"ListItem","position":2,"name":"Maratontabellen"}]},{"@type":"WebSite","@id":"https:\/\/bajenstatistik.se\/se\/#website","url":"https:\/\/bajenstatistik.se\/se\/","name":"Bajenstatistik","description":"Statistik om Hammarby","potentialAction":[{"@type":"SearchAction","target":{"@type":"EntryPoint","urlTemplate":"https:\/\/bajenstatistik.se\/se\/?s={search_term_string}"},"query-input":{"@type":"PropertyValueSpecification","valueRequired":true,"valueName":"search_term_string"}}],"inLanguage":"sv-SE"}]}},"_links":{"self":[{"href":"https:\/\/bajenstatistik.se\/se\/wp-json\/wp\/v2\/pages\/3209","targetHints":{"allow":["GET"]}}],"collection":[{"href":"https:\/\/bajenstatistik.se\/se\/wp-json\/wp\/v2\/pages"}],"about":[{"href":"https:\/\/bajenstatistik.se\/se\/wp-json\/wp\/v2\/types\/page"}],"author":[{"embeddable":true,"href":"https:\/\/bajenstatistik.se\/se\/wp-json\/wp\/v2\/users\/1"}],"replies":[{"embeddable":true,"href":"https:\/\/bajenstatistik.se\/se\/wp-json\/wp\/v2\/comments?post=3209"}],"version-history":[{"count":1,"href":"https:\/\/bajenstatistik.se\/se\/wp-json\/wp\/v2\/pages\/3209\/revisions"}],"predecessor-version":[{"id":3210,"href":"https:\/\/bajenstatistik.se\/se\/wp-json\/wp\/v2\/pages\/3209\/revisions\/3210"}],"wp:attachment":[{"href":"https:\/\/bajenstatistik.se\/se\/wp-json\/wp\/v2\/media?parent=3209"}],"curies":[{"name":"wp","href":"https:\/\/api.w.org\/{rel}","templated":true}]}}